{"id":47055,"date":"2013-02-14T18:21:44","date_gmt":"2013-02-14T18:21:44","guid":{"rendered":"https:\/\/toolset.com\/my-account\/affiliate\/"},"modified":"2021-01-26T13:14:55","modified_gmt":"2021-01-26T13:14:55","slug":"affiliate","status":"publish","type":"page","link":"https:\/\/toolset.com\/de\/account\/affiliate\/","title":{"rendered":"Affiliate"},"content":{"rendered":"\n\n<div class=\"woocommerce-notices-wrapper\"><\/div>\n\n        <br>\n    <div class=\"row\">\n        <div class=\"col-md-10 col-md-offset-1\">\n            <p class=\"lead\">Toolsets Affiliate-Programm erm\u00f6glicht es Bloggern und Entwicklern, eine Provision zu verdienen, wenn sie Kunden als Nutzer von Toolset empfehlen. Aktuelle Kunden k\u00f6nnen direkt anfangen. Wenn Sie Blogger oder Entwickler sind und Teil des Programms werden wollen, kontaktieren Sie uns bitte.<\/p>\n\n<p>Gef\u00e4llt Ihnen Toolset? Erz\u00e4hlen Sie's weiter und verdienen Sie eine Provision f\u00fcr jeden Neukunden, den Sie empfehlen.<\/p>\n\n<p>Toolsets Affiliate-Programm steht nur Toolset-Kunden offen. Wir glauben fest daran, dass man nur ein Produkt empfehlen kann, das man selbst verwendet hat. Wenn Sie einen sehr beliebten Blog betreiben und unser Affiliate-Programm empfehlen wollen (aber kein Kunde sind), <a href=\"\/home\/contact-us\/contact-form\/\">kontaktieren Sie uns bitte<\/a>.<\/p>\n\n<p>Wenn Sie bereits Kunde sind, loggen Sie sich bitte in Ihren <a href=\"\/account\/\">Toolset-Account<\/a> ein und klicken Sie auf den <strong>Affiliate<\/strong>-Link, um anzufangen.<\/p>        <\/div>\n    <\/div>\n    \n    <div class=\"login-select-box\">\n        <div class=\"row align-items-center\">\n            <div class=\"col-md-5\">\n                <h2>Bereit, Teil unseres<br>Affiliate-Programms zu werden?<\/h2>\n            <\/div>\n            <div class=\"col-md-7\">\n                <div class=\"row login-selection\">\n                    <div class=\"col col-md-6\">\n                        <div class=\"login-select-box__exist\">Ich habe bereits einen Account <a class=\"login-select-box__btn\" href=\"#\">Log in<\/a><\/div>\n                    <\/div>\n                    <div class=\"col col-md-6\">\n                        <div class=\"login-select-box__buy\">Ich habe noch keinen Account <a class=\"login-select-box__btn\" href=\"https:\/\/toolset.com\/de\/gleich-kaufen\/\">Jetzt Kaufen<\/a><\/div>\n                    <\/div>\n                <\/div>\n                <div class=\"row login-form\">\n                    <div class=\"col\">\n                        <div class=\"login-select-box__form clearfix\">\n\n\t\n                            <form method=\"post\" class=\"login\"\n\t\t                         action=\"https:\/\/toolset.com\/de\/account\/?redirect=\/de\/wp-json\/wp\/v2\/pages\/47055\">\n                                <h2>Login<\/h2>\n\t\t                        \n                                <p class=\"form-group\">\n                                    <label for=\"username\">Benutzername oder E-mail Adresse <span\n                                                class=\"required\">*<\/span><\/label>\n                                    <input type=\"text\" class=\"form-control\" name=\"username\" id=\"username\"\n                                           value=\"\"\/>\n                                <\/p>\n                                <p class=\"form-group\">\n                                    <label for=\"password\">Passwort <span class=\"required\">*<\/span><\/label>\n                                    <input class=\"form-control\" type=\"password\" name=\"password\" id=\"password\"\/>\n                                <\/p>\n\n\t\t                        \t                            \n                                <p class=\"form-group\">\n\t\t\t                        <input type=\"hidden\" id=\"_wpnonce\" name=\"_wpnonce\" value=\"10d29ca44d\" \/><input type=\"hidden\" name=\"_wp_http_referer\" value=\"\/de\/wp-json\/wp\/v2\/pages\/47055\" \/>                                    <input type=\"submit\" class=\"btn btn-orange pull-left\" name=\"login\"\n                                           value=\"Login\"\/>\n\n                                    <a class=\"lost_password pull-right\"\n                                       href=\"https:\/\/toolset.com\/de\/account\/passwort-vergessen\/\">Passwort vergessen?<\/a>\n\n                                <\/p>\n\t\t                                                    <\/form>\n\n    \n                        <\/div>\n                    <\/div>\n                <\/div>\n            <\/div>\n        <\/div>\n    <\/div>\n\n\t\n\n\n                <script>\n                    jQuery(\"form.login , form[name='loginform']\").submit(function (eventObj) {\n                        var otgs_doc_referer = document.referrer;\n                        if (typeof(otgs_doc_referer) != \"undefined\" && otgs_doc_referer !== null) {\n                            var otgs_doc_referer_exist = encodeURI(otgs_doc_referer);\n                            jQuery(\"form.login , form[name='loginform']\").append('<input type=\"hidden\" name=\"where_user_originate\" value=\"' + otgs_doc_referer_exist + '\" \/>');\n                            return true;\n                        }\n                    });\n                <\/script>\n                \n","protected":false},"excerpt":{"rendered":"","protected":false},"author":1392,"featured_media":0,"parent":4520,"menu_order":2,"comment_status":"closed","ping_status":"closed","template":"","meta":{"_bbp_topic_count":0,"_bbp_reply_count":0,"_bbp_total_topic_count":0,"_bbp_total_reply_count":0,"_bbp_voice_count":0,"_bbp_anonymous_reply_count":0,"_bbp_topic_count_hidden":0,"_bbp_reply_count_hidden":0,"_bbp_forum_subforum_count":0,"ep_exclude_from_search":false,"footnotes":""},"documentation-category":[],"class_list":["post-47055","page","type-page","status-publish","hentry"],"_links":{"self":[{"href":"https:\/\/toolset.com\/de\/wp-json\/wp\/v2\/pages\/47055","targetHints":{"allow":["GET"]}}],"collection":[{"href":"https:\/\/toolset.com\/de\/wp-json\/wp\/v2\/pages"}],"about":[{"href":"https:\/\/toolset.com\/de\/wp-json\/wp\/v2\/types\/page"}],"author":[{"embeddable":true,"href":"https:\/\/toolset.com\/de\/wp-json\/wp\/v2\/users\/1392"}],"replies":[{"embeddable":true,"href":"https:\/\/toolset.com\/de\/wp-json\/wp\/v2\/comments?post=47055"}],"version-history":[{"count":2,"href":"https:\/\/toolset.com\/de\/wp-json\/wp\/v2\/pages\/47055\/revisions"}],"predecessor-version":[{"id":1650135,"href":"https:\/\/toolset.com\/de\/wp-json\/wp\/v2\/pages\/47055\/revisions\/1650135"}],"up":[{"embeddable":true,"href":"https:\/\/toolset.com\/de\/wp-json\/wp\/v2\/pages\/4520"}],"wp:attachment":[{"href":"https:\/\/toolset.com\/de\/wp-json\/wp\/v2\/media?parent=47055"}],"wp:term":[{"taxonomy":"documentation-category","embeddable":true,"href":"https:\/\/toolset.com\/de\/wp-json\/wp\/v2\/documentation-category?post=47055"}],"curies":[{"name":"wp","href":"https:\/\/api.w.org\/{rel}","templated":true}]}}