{"id":4547,"date":"2013-04-08T16:27:16","date_gmt":"2013-04-08T16:27:16","guid":{"rendered":"https:\/\/toolset.com\/gleich-kaufen\/"},"modified":"2020-06-01T13:09:20","modified_gmt":"2020-06-01T13:09:20","slug":"gleich-kaufen","status":"publish","type":"page","link":"https:\/\/toolset.com\/de\/gleich-kaufen\/","title":{"rendered":"Kaufen Sie Toolset"},"content":{"rendered":"<div id=\"toolset-buy-page\">\n<header>\n<h2>\n Erstellen Sie erstaunliche WordPress-Seiten mit Toolset<br \/>\n        <\/h2>\n<p>Mit Ihrem Kauf erhalten Sie <strong>unbegrenzt viele Seiten<\/strong>, <strong>vollen Support<\/strong> und unsere <strong>30-Tage-Geld-Zur\u00fcck-Garantie.<\/strong><\/p>\n<\/header>\n<div id=\"toolset-buy-page-content\">\n<h3 class=\"toolset-logo\"><span>Toolset &#8211; Types Views CRED Access<\/span><\/h3>\n<p>Sparen Sie 80 US-Dollar beim Kauf des kompletten Pakets. Sie k\u00f6nnen die unten aufgef\u00fchrten Toolset-Komponenten auch einzeln kaufen.<\/p>\n<a href=\"https:\/\/toolset.com\/de\/\" class=\"action-button\" onclick=\"otgs_datalayer_push('Toolset')\">Kaufen Sie das komplette Toolset-Paket &#8211; 149$<\/a>\n<script type=\"text\/javascript\">\n    if ('function' !== typeof otgs_datalayer_push) {\n        function otgs_datalayer_push(eventlabel) {\n            if ('object' === typeof window.dataLayer) {\n                window.dataLayer.push({\n                    event: 'gaEvent',\n                    eventCategory: 'Product',\n                    eventAction: 'purchase',\n                    eventLabel: eventlabel\n                });\n            }\n        }\n    }\n<\/script>\n\t\t\n<p>oder <a href=\"https:\/\/toolset.com\/de\/\" onclick=\"otgs_datalayer_push('Toolset for life')\">kaufen Sie Toolset f\u00fcrs Leben!<\/a>\n<script type=\"text\/javascript\">\n    if ('function' !== typeof otgs_datalayer_push) {\n        function otgs_datalayer_push(eventlabel) {\n            if ('object' === typeof window.dataLayer) {\n                window.dataLayer.push({\n                    event: 'gaEvent',\n                    eventCategory: 'Product',\n                    eventAction: 'purchase',\n                    eventLabel: eventlabel\n                });\n            }\n        }\n    }\n<\/script>\n\t\t<\/p>\n<div id=\"toolset-buy-boxes\">\n<div class=\"toolset-buy-box\">\n<h4 class=\"toolset-buy-box-logo types-logo\">\nTypes<br \/>\n                <\/h4>\n<div class=\"toolset-buy-box-content\">\n<h5>Definieren Sie benutzerdefinierte Typen und Felder<\/h5>\n<p>Types sorgt f\u00fcr noch mehr Leistung in WordPress und l\u00e4sst Sie Ihre eigenen Inhaltstypen definieren. Sie k\u00f6nnen benutzerdefinierte Beitragstypen, Taxonomie und eine breite Auswahl leistungsstarker, benutzerdefinierter Felder erstellen.<\/p>\n<ul>\n<li>Legen Sie benutzerdefinierte Typen fest<\/li>\n<li>Richten Sie benutzerdefinierte Felder ein<\/li>\n<li>Erstellen Sie relationale Hierarchien<\/li>\n<\/ul>\n<p class=\"action-button-wrapper\">\n <a href=\"https:\/\/toolset.com\/de\/?add-to-cart=38994&#038;buy_now=1\" class=\"action-button\" onclick=\"otgs_datalayer_push('Toolset Types')\"><i class=\"icon-cloud-download\"><\/i>Kostenloser Download!<\/a>\n<script type=\"text\/javascript\">\n    if ('function' !== typeof otgs_datalayer_push) {\n        function otgs_datalayer_push(eventlabel) {\n            if ('object' === typeof window.dataLayer) {\n                window.dataLayer.push({\n                    event: 'gaEvent',\n                    eventCategory: 'Product',\n                    eventAction: 'purchase',\n                    eventLabel: eventlabel\n                });\n            }\n        }\n    }\n<\/script>\n\t\t\n                    <\/p><\/div>\n<\/p><\/div>\n<p class=\"plus-ico\">plus<\/p>\n<div class=\"toolset-buy-box\">\n<h4 class=\"toolset-buy-box-logo views-logo\">\nViews<br \/>\n                <\/h4>\n<div class=\"toolset-buy-box-content\">\n<h5>Zeigen Sie Inhalte auf Ihre Art an<\/h5>\n<p>Views ist Ihre Anzeige-Engine. Sie k\u00f6nnen das Layout einzelner Seiten individuell anpassen, Inhaltslisten laden, Ihre eigenen Widgets kreieren und komplette Seiten erstellen &#8211; alles vom WordPress-Admin-Bereich aus.<\/p>\n<ul>\n<li>Designen Sie Templates vom WordPress-Admin-Bereich aus<\/li>\n<li>Fragen Sie beliebige Inhaltstypen ab, filtern und laden Sie diese<\/li>\n<li>Zeigen Sie Listen, Gitter, Schieberegler und mehr an<\/li>\n<li>Zeigen Sie Standard- und benutzerdefinierte Inhalte an<\/li>\n<\/ul>\n<p class=\"action-button-wrapper\">\n <a href=\"https:\/\/toolset.com\/de\/\" class=\"action-button\" onclick=\"otgs_datalayer_push('Views')\">F\u00fcr 95 US-Dollar kaufen<\/a>\n<script type=\"text\/javascript\">\n    if ('function' !== typeof otgs_datalayer_push) {\n        function otgs_datalayer_push(eventlabel) {\n            if ('object' === typeof window.dataLayer) {\n                window.dataLayer.push({\n                    event: 'gaEvent',\n                    eventCategory: 'Product',\n                    eventAction: 'purchase',\n                    eventLabel: eventlabel\n                });\n            }\n        }\n    }\n<\/script>\n\t\t\n                    <\/p><\/div>\n<\/p><\/div>\n<p class=\"plus-ico\">plus<\/p>\n<div class=\"toolset-buy-box\">\n<h4 class=\"toolset-buy-box-logo cred-logo\">\nCRED<br \/>\n                <\/h4>\n<div class=\"toolset-buy-box-content\">\n<h5>Machen Sie Webseiten interaktiv<\/h5>\n<p>CRED erm\u00f6glicht es Ihnen, Formulare zur Erstellung und Bearbeitung von Startseiten einzurichten.  In Kombination mit Access l\u00e4sst CRED Sie spannende Web-Apps auf WordPress erstellen.<\/p>\n<ul>\n<li>Kreieren Sie Formulare zur Erstellung und Bearbeitung von Inhalten<\/li>\n<li>Bearbeiten Sie Standard-Felder, benutzerdefinierte Felder, Taxonomie<\/li>\n<li>Erstellen Sie flexible Formulare mit benutzerdefinierten Feldern<\/li>\n<li>Entwickeln Sie komplette Web-Apps mit CRED API<\/li>\n<\/ul>\n<p class=\"action-button-wrapper\">\n <a href=\"https:\/\/toolset.com\/de\/\" class=\"action-button\" onclick=\"otgs_datalayer_push('CRED')\">F\u00fcr 95 US-Dollar kaufen<\/a>\n<script type=\"text\/javascript\">\n    if ('function' !== typeof otgs_datalayer_push) {\n        function otgs_datalayer_push(eventlabel) {\n            if ('object' === typeof window.dataLayer) {\n                window.dataLayer.push({\n                    event: 'gaEvent',\n                    eventCategory: 'Product',\n                    eventAction: 'purchase',\n                    eventLabel: eventlabel\n                });\n            }\n        }\n    }\n<\/script>\n\t\t\n                    <\/p><\/div>\n<\/p><\/div>\n<p class=\"plus-ico\">plus<\/p>\n<div class=\"toolset-buy-box\">\n<h4 class=\"toolset-buy-box-logo access-logo\">\nAccess<br \/>\n                <\/h4>\n<div class=\"toolset-buy-box-content\">\n<h5>Steuern Sie den Zugriff auf Inhalte<\/h5>\n<p>Types Access macht es Ihnen m\u00f6glich, neue Rollen zu definieren und zu kontrollieren, wer was tun kann. Mit Types Access k\u00f6nnen Sie bestimmte Inhalte sch\u00fctzen und es Benutzern erm\u00f6glichen, nur auf ihren eigenen Inhalt zuzugreifen.<\/p>\n<ul>\n<li>Kontrollieren Sie, wer auf Inhalte zugreift<\/li>\n<li>Erstellen Sie benutzerdefinierte Rollen und teilen Sie Rechte zu<\/li>\n<\/ul>\n<p class=\"action-button-wrapper\">\n <a href=\"https:\/\/toolset.com\/de\/\" class=\"action-button\" onclick=\"otgs_datalayer_push('Access')\">F\u00fcr 39 US-Dollar kaufen<\/a>\n<script type=\"text\/javascript\">\n    if ('function' !== typeof otgs_datalayer_push) {\n        function otgs_datalayer_push(eventlabel) {\n            if ('object' === typeof window.dataLayer) {\n                window.dataLayer.push({\n                    event: 'gaEvent',\n                    eventCategory: 'Product',\n                    eventAction: 'purchase',\n                    eventLabel: eventlabel\n                });\n            }\n        }\n    }\n<\/script>\n\t\t\n                    <\/p><\/div>\n<\/p><\/div>\n<\/p><\/div>\n<p class=\"toolset-buy-button-wrapper\">\n <a href=\"https:\/\/toolset.com\/de\/\" class=\"action-button\" onclick=\"otgs_datalayer_push('Toolset')\">Sparen Sie 80 US-Dollar, indem Sie das komplette Paket kaufen &#8211; <strong>Kaufen Sie Toolset f\u00fcr 149 US-Dollar<\/strong><\/a>\n<script type=\"text\/javascript\">\n    if ('function' !== typeof otgs_datalayer_push) {\n        function otgs_datalayer_push(eventlabel) {\n            if ('object' === typeof window.dataLayer) {\n                window.dataLayer.push({\n                    event: 'gaEvent',\n                    eventCategory: 'Product',\n                    eventAction: 'purchase',\n                    eventLabel: eventlabel\n                });\n            }\n        }\n    }\n<\/script>\n\t\t\n        <\/p><\/div>\n<\/div>\n","protected":false},"excerpt":{"rendered":"<p>Erstellen Sie erstaunliche WordPress-Seiten mit Toolset Mit Ihrem Kauf erhalten Sie unbegrenzt viele Seiten, vollen Support und unsere 30-Tage-Geld-Zur\u00fcck-Garantie. Toolset &#8211; Types Views CRED Access Sparen Sie 80 US-Dollar beim Kauf des kompletten Pakets. Sie k\u00f6nnen die unten aufgef\u00fchrten Toolset-Komponenten auch einzeln kaufen. oder Types Definieren Sie benutzerdefinierte Typen und Felder Types sorgt f\u00fcr noch [&hellip;]<\/p>\n","protected":false},"author":3,"featured_media":0,"parent":0,"menu_order":66,"comment_status":"closed","ping_status":"closed","template":"","meta":{"_bbp_topic_count":0,"_bbp_reply_count":0,"_bbp_total_topic_count":0,"_bbp_total_reply_count":0,"_bbp_voice_count":0,"_bbp_anonymous_reply_count":0,"_bbp_topic_count_hidden":0,"_bbp_reply_count_hidden":0,"_bbp_forum_subforum_count":0,"ep_exclude_from_search":false,"footnotes":""},"documentation-category":[],"class_list":["post-4547","page","type-page","status-publish","hentry"],"_links":{"self":[{"href":"https:\/\/toolset.com\/de\/wp-json\/wp\/v2\/pages\/4547","targetHints":{"allow":["GET"]}}],"collection":[{"href":"https:\/\/toolset.com\/de\/wp-json\/wp\/v2\/pages"}],"about":[{"href":"https:\/\/toolset.com\/de\/wp-json\/wp\/v2\/types\/page"}],"author":[{"embeddable":true,"href":"https:\/\/toolset.com\/de\/wp-json\/wp\/v2\/users\/3"}],"replies":[{"embeddable":true,"href":"https:\/\/toolset.com\/de\/wp-json\/wp\/v2\/comments?post=4547"}],"version-history":[{"count":84,"href":"https:\/\/toolset.com\/de\/wp-json\/wp\/v2\/pages\/4547\/revisions"}],"predecessor-version":[{"id":190628,"href":"https:\/\/toolset.com\/de\/wp-json\/wp\/v2\/pages\/4547\/revisions\/190628"}],"wp:attachment":[{"href":"https:\/\/toolset.com\/de\/wp-json\/wp\/v2\/media?parent=4547"}],"wp:term":[{"taxonomy":"documentation-category","embeddable":true,"href":"https:\/\/toolset.com\/de\/wp-json\/wp\/v2\/documentation-category?post=4547"}],"curies":[{"name":"wp","href":"https:\/\/api.w.org\/{rel}","templated":true}]}}