{"id":26803,"date":"2012-11-22T03:10:03","date_gmt":"2012-11-22T03:10:03","guid":{"rendered":"https:\/\/toolset.com\/start\/access-verwalten-sie-benutzerrollen-und-rechte\/"},"modified":"2020-07-03T12:15:09","modified_gmt":"2020-07-03T12:15:09","slug":"access-verwalten-sie-benutzerrollen-und-rechte","status":"publish","type":"page","link":"https:\/\/toolset.com\/de\/startseite-neu\/access-verwalten-sie-benutzerrollen-und-rechte\/","title":{"rendered":"Access"},"content":{"rendered":"<section class=\"full-bg masthead access row--padding--large ddl-frontend-editor-row ddl-frontend-editor-editable\" data-id='' data-name='page-lead' data-type='row' data-layout_slug='' data-kind='Row' >\n<div class=\"container \">\n<div class=\"row\">\n<div class=\"col-sm-6 ddl-frontend-editor-cell ddl-frontend-editor-editable js-ddl-frontend-editor-cell\" data-id='' data-name='text' data-type='cell-text' data-layout_slug='' data-kind='Cell'>\n<div class=\"masthead-content\">\n<h1 class=\"new-layout__header calltoaction__title\"><span class=\"text-primary-red\">Control<\/span> what users can do on your site<\/h1>\n<p class=\"home__lead__paragraph \">Access plugin lets you choose what different users can do on your WordPress site. Grant privileges to entire user roles or to specific users.<\/p><\/div>\n<div class=\"home__cta__paragraph\"> <a class=\"calltoaction__main-btn calltoaction__main-btn--orange\" href=\"https:\/\/wp-types.com\/buy\/\"><i class=\"fa fa-chevron-right\"><\/i> <span>Buy with Toolset<\/span><\/a> <a class=\"cta-btn--link text-primary-red flex--self-aligned-center\" href=\"https:\/\/toolset.com\/de\/course-chapter\/controlling-access-to-content-in-directory-sites\/\">Access documentation<\/a> <\/p>\n<p class=\"compatibility-note\"> Works with WordPress 5.0&#8211;6.9.4 and any theme<\/p><\/div>\n<\/div>\n<div class=\"col-sm-5 ddl-frontend-editor-cell ddl-frontend-editor-editable js-ddl-frontend-editor-cell col-sm-offset-1\" data-id='' data-name='Visual editor (text, images, HTML)' data-type='cell-text' data-layout_slug='' data-kind='Cell'><img decoding=\"async\" src=\"https:\/\/toolset.com\/wp-content\/uploads\/2018\/04\/main-img-access.png\" alt=\"Access Verwalten Sie WordPress-Rollen\" class=\"size-full img-responsive\"><\/div>\n<\/div>\n<\/div>\n<\/section>\n<section class=\"full-bg row--darkGray row--padding--large ddl-frontend-editor-row ddl-frontend-editor-editable\" id=\"step-1\" data-id='' data-name='section 01' data-type='row' data-layout_slug='' data-kind='Row' >\n<div class=\"container \">\n<div class=\"row\">\n<div class=\"col-sm-6 ddl-frontend-editor-cell ddl-frontend-editor-editable js-ddl-frontend-editor-cell\" data-id='' data-name='image' data-type='cell-text' data-layout_slug='' data-kind='Cell'>\n<p><img decoding=\"async\" src=\"https:\/\/toolset.com\/wp-content\/uploads\/2018\/04\/stop.png\" alt=\"W\u00e4hlen Sie aus, was angezeigt werden soll\" class=\"size-full img-responsive\"><\/p>\n<\/div>\n<div class=\"col-sm-6 counter-top ddl-frontend-editor-cell ddl-frontend-editor-editable js-ddl-frontend-editor-cell\" data-id='' data-name='text' data-type='cell-text' data-layout_slug='' data-kind='Cell'>\n<h2 class=\"new-layout__header\"><span class=\"text-primary-red\">W\u00e4hlen Sie aus, was angezeigt werden soll<\/span>, wenn die Benutzer den Inhalt nicht lesen k\u00f6nnen<\/h2>\n<p class=\"new-layout__paragraph\">Mit Access k\u00f6nnen Sie ganz einfach Mitgliederseiten und Seiten mit bezahltem Inhalt erstellen. Sie k\u00f6nnen ausw\u00e4hlen, was Benutzern angezeigt werden soll, die keinen <i>Lesezugriff<\/i> auf den Inhalt haben.<\/p>\n<p class=\"new-layout__paragraph\">Angezeigt werden kann die Standard 404-Seite (Nicht gefunden) oder Sie k\u00f6nnen ein anderes Template verwenden, wenn der Zugriff verweigert wird.<\/p>\n<\/div>\n<\/div>\n<\/div>\n<\/section>\n<section class=\"full-bg bg-gray-lightest row--margin row--padding--large ddl-frontend-editor-row ddl-frontend-editor-editable\" id=\"step-2\" data-id='' data-name='section 02' data-type='row' data-layout_slug='' data-kind='Row' >\n<div class=\"container \">\n<div class=\"row\">\n<section class=\"col-sm-12 ddl-frontend-editor-cell ddl-frontend-editor-editable js-ddl-frontend-editor-cell\" id=\"step-2\" data-id='' data-name='details grid' data-type='container' data-layout_slug='' data-kind='Container'>\n<div class=\"row ddl-frontend-editor-row ddl-frontend-editor-editable\" data-id='' data-name='intro' data-type='row' data-layout_slug='' data-kind='Row' >\n<div class=\"col-sm-6 ddl-frontend-editor-cell ddl-frontend-editor-editable js-ddl-frontend-editor-cell\" data-id='' data-name='image' data-type='cell-text' data-layout_slug='' data-kind='Cell'>\n<h2 class=\"new-layout__header calltoaction__title\">Sie k\u00f6nnen verschiedene Elemente f\u00fcr verschiedene Leute <span class=\"text-primary-red\">anzeigen oder ausblenden<\/span><\/h2>\n<p class=\"new-layout__paragraph\">Bei der Erstellung von Mitgliederseiten m\u00fcssen Sie h\u00e4ufig Teile der Seite nur f\u00fcr die Mitglieder Ihrer Seite vorbehalten. Access macht dies einfach. Sie k\u00f6nnen den Zugang nicht nur auf ganze Seiten steuern, sondern sogar auf bestimmte Elemente auf jeder Seite. <\/p>\n<\/div>\n<div class=\"col-sm-6 counter-top ddl-frontend-editor-cell ddl-frontend-editor-editable js-ddl-frontend-editor-cell\" data-id='' data-name='text' data-type='cell-text' data-layout_slug='' data-kind='Cell'><img decoding=\"async\" class=\"aligncenter img-responsive\" src=\"https:\/\/toolset.com\/wp-content\/uploads\/2018\/04\/member-content.png\"><\/div>\n<\/div>\n<\/section>\n<\/div>\n<\/div>\n<\/section>\n<section class=\"full-bg bg-gray-superlight row--padding--large ddl-frontend-editor-row ddl-frontend-editor-editable\" id=\"step-3\" data-id='' data-name='section 03' data-type='row' data-layout_slug='' data-kind='Row' >\n<div class=\"container \">\n<div class=\"row\">\n<div class=\"col-sm-12 ddl-frontend-editor-cell ddl-frontend-editor-editable js-ddl-frontend-editor-cell\" data-id='' data-name='details grid' data-type='container' data-layout_slug='' data-kind='Container'>\n<div class=\"row outer ddl-frontend-editor-row ddl-frontend-editor-editable\" data-id='' data-name='intro' data-type='row' data-layout_slug='' data-kind='Row' >\n<div class=\"col-sm-6 counter-top ddl-frontend-editor-cell ddl-frontend-editor-editable js-ddl-frontend-editor-cell\" data-id='' data-name='text - heading' data-type='cell-text' data-layout_slug='' data-kind='Cell'><img decoding=\"async\" class=\"aligncenter img-responsive\" src=\"https:\/\/toolset.com\/wp-content\/uploads\/2018\/04\/auto-set-access.png\"><\/div>\n<div class=\"col-sm-6 ddl-frontend-editor-cell ddl-frontend-editor-editable js-ddl-frontend-editor-cell\" data-id='' data-name='text - body' data-type='cell-text' data-layout_slug='' data-kind='Cell'>\n<h2 class=\"new-layout__header\"><span class=\"text-primary-red\">Legen Sie automatisch<\/span> die richtigen <span class=\"text-primary-red\">Berechtigungen<\/span> f\u00fcr Ihre Seite fest<\/h2>\n<p class=\"new-layout__paragraph\">Das WordPress-Berechtigungssystem mit seinen komplexen gegenseitigen Abh\u00e4ngigkeiten ist knifflig. Zum Gl\u00fcck h\u00e4lt Access diese Komplexit\u00e4t von Ihnen fern und erleichtert Ihnen die Administrationsarbeit. Mit Access k\u00f6nnen Sie automatisch die f\u00fcr Sie erforderlichen Berechtigungen festlegen und aufheben. Stellen Sie einfach die ben\u00f6tigten Berechtigungen ein.<\/p>\n<\/div>\n<\/div>\n<\/div>\n<\/div>\n<\/div>\n<\/section>\n<section class=\"full-bg row--padding--large ddl-frontend-editor-row ddl-frontend-editor-editable\" id=\"step-4\" data-id='' data-name='section 04' data-type='row' data-layout_slug='' data-kind='Row' >\n<div class=\"container \">\n<div class=\"row\">\n<div class=\"col-sm-12 ddl-frontend-editor-cell ddl-frontend-editor-editable js-ddl-frontend-editor-cell\" data-id='' data-name='details grid' data-type='container' data-layout_slug='' data-kind='Container'>\n<div class=\"row ddl-frontend-editor-row ddl-frontend-editor-editable\" data-id='' data-name='Row 3' data-type='row' data-layout_slug='' data-kind='Row' >\n<div class=\"col-sm-5 ddl-frontend-editor-cell ddl-frontend-editor-editable js-ddl-frontend-editor-cell col-sm-offset-1\" data-id='' data-name='Visual Editor' data-type='cell-text' data-layout_slug='' data-kind='Cell'>\n<h2 class=\"new-layout__header\">Steuern Sie den Lesezugriff auf einzelne Seiten<\/h2>\n<p class=\"new-layout__paragraph\">Die Access-Box erscheint, wenn Sie Inhalte bearbeiten. Sie k\u00f6nnen Zugriffskontroll-Inhaltsgruppen erstellen und deren Leseberechtigungen f\u00fcr ganze Benutzerrollen oder einzelne Benutzer festlegen.<\/p>\n<\/div>\n<div class=\"col-sm-6 ddl-frontend-editor-cell ddl-frontend-editor-editable js-ddl-frontend-editor-cell\" data-id='' data-name='Visual Editor 2' data-type='cell-text' data-layout_slug='' data-kind='Cell'><img decoding=\"async\" class=\"aligncenter img-responsive\" src=\"https:\/\/toolset.com\/wp-content\/uploads\/2018\/04\/post-group.png\"><\/div>\n<\/div>\n<\/div>\n<\/div>\n<\/div>\n<\/section>\n<section class=\"full-bg row--darkGray row--padding--large ddl-frontend-editor-row ddl-frontend-editor-editable\" id=\"step-5\" data-id='' data-name='section05' data-type='row' data-layout_slug='' data-kind='Row' >\n<div class=\"container \">\n<div class=\"row\">\n<div class=\"col-sm-5 ddl-frontend-editor-cell ddl-frontend-editor-editable js-ddl-frontend-editor-cell col-sm-offset-1\" data-id='' data-name='Visual Editor 3' data-type='cell-text' data-layout_slug='' data-kind='Cell'><img decoding=\"async\" class=\"aligncenter img-responsive\" src=\"https:\/\/toolset.com\/wp-content\/uploads\/2018\/04\/custom-roles.png\"><\/div>\n<div class=\"col-sm-6 ddl-frontend-editor-cell ddl-frontend-editor-editable js-ddl-frontend-editor-cell\" data-id='' data-name='Visual Editor 4' data-type='cell-text' data-layout_slug='' data-kind='Cell'>\n<h2 class=\"new-layout__header\">Erstellen Sie benutzerdefinierte Rollen<\/h2>\n<p class=\"new-layout__paragraphs\"> Mit Access k\u00f6nnen Sie Ihre eigenen Rollen definieren und ausw\u00e4hlen, was diese Rollen im WordPress-Adminbereich tun k\u00f6nnen. Sie k\u00f6nnen die Ebene der Rolle \u00e4ndern, um ihre Berechtigungen den integrierten WordPress-Rollen anzupassen, oder die Berechtigungen manuell kontrollieren. <\/p>\n<\/div>\n<\/div>\n<\/div>\n<\/section>\n<section class=\"full-bg row--margin bg-gray-superlight row--padding--large ddl-frontend-editor-row ddl-frontend-editor-editable\" id=\"step-6\" data-id='' data-name='section06' data-type='row' data-layout_slug='' data-kind='Row' >\n<div class=\"container \">\n<div class=\"row\">\n<div class=\"col-sm-12 ddl-frontend-editor-cell ddl-frontend-editor-editable js-ddl-frontend-editor-cell\" data-id='' data-name='details grid' data-type='container' data-layout_slug='' data-kind='Container'>\n<div class=\"row outer ddl-frontend-editor-row ddl-frontend-editor-editable\" data-id='' data-name='intro' data-type='row' data-layout_slug='' data-kind='Row' >\n<div class=\"col-sm-6 counter-top ddl-frontend-editor-cell ddl-frontend-editor-editable js-ddl-frontend-editor-cell\" data-id='' data-name='heading' data-type='cell-text' data-layout_slug='' data-kind='Cell'>\n<h2 class=\"new-layout__header\"><span class=\"text-primary-red\">Detailgenaue Kontrolle<\/span> \u00fcber den WordPress-Adminbereich<\/h2>\n<p class=\"new-layout__paragraph\"> Access bietet Ihnen pr\u00e4zise Kontrolle dar\u00fcber, was Benutzer mit benutzerdefinierten Rollen im WordPress-Adminbereich tun k\u00f6nnen. Sie k\u00f6nnen ausw\u00e4hlen, welchen Admin-Bildschirm Ihre neuen Benutzerrollen erreichen k\u00f6nnen und welche Aktionen sie ausf\u00fchren k\u00f6nnen. <\/p>\n<\/div>\n<div class=\"col-sm-6 ddl-frontend-editor-cell ddl-frontend-editor-editable js-ddl-frontend-editor-cell\" data-id='' data-name='text' data-type='cell-text' data-layout_slug='' data-kind='Cell'><img decoding=\"async\" class=\"aligncenter img-responsive\" src=\"https:\/\/toolset.com\/wp-content\/uploads\/2018\/04\/access-controls.png\"><\/div>\n<\/div>\n<\/div>\n<\/div>\n<\/div>\n<\/section>\n<section class=\"full-bg bg-gray-superlight row--padding--large ddl-frontend-editor-row ddl-frontend-editor-editable\" id=\"step-7\" data-id='' data-name='Row 10' data-type='row' data-layout_slug='' data-kind='Row' >\n<div class=\"container \">\n<div class=\"row\">\n<div class=\"col-sm-4 ddl-frontend-editor-cell ddl-frontend-editor-editable js-ddl-frontend-editor-cell col-sm-offset-1\" data-id='' data-name='Visual Editor 5' data-type='cell-text' data-layout_slug='' data-kind='Cell'><img decoding=\"async\" class=\"aligncenter img-responsive\" src=\"https:\/\/toolset.com\/wp-content\/uploads\/2018\/04\/woo-access.png\"><\/div>\n<div class=\"col-sm-6 ddl-frontend-editor-cell ddl-frontend-editor-editable js-ddl-frontend-editor-cell col-sm-offset-1\" data-id='' data-name='Visual Editor 6' data-type='cell-text' data-layout_slug='' data-kind='Cell'>\n<h2 class=\"new-layout__header\">Verwalten Sie den Zugriff auf den WPML- und WooCommerce-Adminbereich<\/h2>\n<p class=\"new-layout__paragraph\"> Access integriert sich nahtlos in WPML und WooCommerce. Sie sehen die verschiedenen Berechtigungen f\u00fcr die Verwaltung der WPML- und WooCommerce-Admin-Optionen in klar verst\u00e4ndlichem Deutsch. <\/p>\n<p class=\"new-layout__paragraph\"> Mit Access k\u00f6nnen Sie benutzerdefinierte Rollen erstellen, die die Berechtigungen Ihrer mehrsprachigen und E-Commerce-Seiten ganz einfach verwalten! <\/p>\n<\/div>\n<\/div>\n<\/div>\n<\/section>\n<section class=\"full-bg equalize row-calltoaction-bg ddl-frontend-editor-row ddl-frontend-editor-editable\" data-id='' data-name='Row 11' data-type='row' data-layout_slug='' data-kind='Row' >\n<div class=\"container \">\n<div class=\"row\">\n<div class=\"col-sm-5 col-xs-12 ddl-frontend-editor-cell ddl-frontend-editor-editable js-ddl-frontend-editor-cell col-sm-offset-1\" data-id='' data-name='Visual Editor 7' data-type='cell-text' data-layout_slug='' data-kind='Cell'>\n<h2 class=\"new-layout__header text--white\" style=\"margin-top: 0;\">Was kommt als N\u00e4chstes? <\/h2>\n<p class=\"new-layout__paragraph text--white\"> Nutzen Sie unsere 30-Tage-R\u00fcckgabe-Richtlinie. Holen Sie sich Toolset und schauen Sie, wie es Ihnen gef\u00e4llt. Wenn Sie nicht zu 100 % zufrieden sind, geben Sie uns Bescheid, dann erstatten wir Ihnen die Kaufsumme zur\u00fcck. <\/p>\n<p> <a href=\"https:\/\/toolset.com\/de\/fragen-sie-uns-uber-toolset\/\" class=\"text-primary-yellow\">Fragen Sie Toolset<\/a> Fragen Sie uns, wie Toolset Ihnen bei Ihrem Produkt helfen kann. <\/p>\n<\/div>\n<div class=\"col-sm-4 col-xs-12 ddl-frontend-editor-cell ddl-frontend-editor-editable js-ddl-frontend-editor-cell col-sm-offset-1\" data-id='' data-name='Visual Editor 8' data-type='cell-text' data-layout_slug='' data-kind='Cell'><a href=\"https:\/\/toolset.com\/de\/gleich-kaufen\/\" class=\"calltoaction__main-btn calltoaction__main-btn--white\"> <i class=\"fa fa-chevron-right\"><\/i> Kaufen Sie Toolset <\/a><\/div>\n<\/div>\n<\/div>\n<\/section>\n","protected":false},"excerpt":{"rendered":"<p>Control what users can do on your site Access plugin lets you choose what different users can do on your WordPress site. Grant privileges to entire user roles or to specific users. Buy with Toolset Access documentation Works with WordPress &#8211; and any theme W\u00e4hlen Sie aus, was angezeigt werden soll, wenn die Benutzer den [&hellip;]<\/p>\n","protected":false},"author":1,"featured_media":0,"parent":1397513,"menu_order":0,"comment_status":"closed","ping_status":"closed","template":"template-page-no-title.php","meta":{"_bbp_topic_count":0,"_bbp_reply_count":0,"_bbp_total_topic_count":0,"_bbp_total_reply_count":0,"_bbp_voice_count":0,"_bbp_anonymous_reply_count":0,"_bbp_topic_count_hidden":0,"_bbp_reply_count_hidden":0,"_bbp_forum_subforum_count":0,"ep_exclude_from_search":false,"footnotes":""},"documentation-category":[],"class_list":["post-26803","page","type-page","status-publish","hentry"],"_links":{"self":[{"href":"https:\/\/toolset.com\/de\/wp-json\/wp\/v2\/pages\/26803","targetHints":{"allow":["GET"]}}],"collection":[{"href":"https:\/\/toolset.com\/de\/wp-json\/wp\/v2\/pages"}],"about":[{"href":"https:\/\/toolset.com\/de\/wp-json\/wp\/v2\/types\/page"}],"author":[{"embeddable":true,"href":"https:\/\/toolset.com\/de\/wp-json\/wp\/v2\/users\/1"}],"replies":[{"embeddable":true,"href":"https:\/\/toolset.com\/de\/wp-json\/wp\/v2\/comments?post=26803"}],"version-history":[{"count":8,"href":"https:\/\/toolset.com\/de\/wp-json\/wp\/v2\/pages\/26803\/revisions"}],"predecessor-version":[{"id":1686581,"href":"https:\/\/toolset.com\/de\/wp-json\/wp\/v2\/pages\/26803\/revisions\/1686581"}],"up":[{"embeddable":true,"href":"https:\/\/toolset.com\/de\/wp-json\/wp\/v2\/pages\/1397513"}],"wp:attachment":[{"href":"https:\/\/toolset.com\/de\/wp-json\/wp\/v2\/media?parent=26803"}],"wp:term":[{"taxonomy":"documentation-category","embeddable":true,"href":"https:\/\/toolset.com\/de\/wp-json\/wp\/v2\/documentation-category?post=26803"}],"curies":[{"name":"wp","href":"https:\/\/api.w.org\/{rel}","templated":true}]}}