{"id":26800,"date":"2012-11-22T02:13:21","date_gmt":"2012-11-22T02:13:21","guid":{"rendered":"https:\/\/toolset.com\/start\/presse-ressourcen\/"},"modified":"2023-08-25T07:40:10","modified_gmt":"2023-08-25T07:40:10","slug":"presse-ressourcen","status":"publish","type":"page","link":"https:\/\/toolset.com\/de\/startseite-neu\/presse-ressourcen\/","title":{"rendered":"Types und Views-Presse-Ressourcen"},"content":{"rendered":"<p>Hier finden Sie das offizielle Toolset-Material f\u00fcr Ihre Website.<\/p> <p>Toolset besteht aus leistungsstarken WordPress-Plugins, die von OnTheGoSystems entwickelt wurden. OnTheGoSystems ist das Unternehmen, das auch <a href=\"https:\/\/wpml.org\">WPML<\/a> und <a href=\"https:\/\/www.icanlocalize.com\/site\/\">ICanLocalize<\/a> entwickelt hat. OnTheGoSystems Limited ist der rechtm\u00e4\u00dfige Eigent\u00fcmer der eingetragenen Markenzeichen des Namens und Logos von OnTheGoSystems. Jegliche Verwendung des Namens oder Logos von OnTheGoSystems oder der Namen bzw. Logos des Plugins muss gem\u00e4\u00df der <a title=\"Markenzeichenrichtlinien\" href=\"http:\/\/www.onthegosystems.com\/legal\/\">Markenzeichenrichtlinien von OnTheGoSystems<\/a> erfolgen.<\/p> <hr class=\"hr-light extra-padding\"> <div class=\"row\"> <div class=\"col-sm-4\"> <h3 class=\"text-dark\">Markenrichtlinien<\/h3> <p>Lassen Sie uns faire Partner sein. Mehr \u00fcber Markenzeichenrichtlinien f\u00fcr Communitys erfahren Sie im Ratgeber.<\/p> <a target=\"_blank\" class=\"btn btn-secondary\" href=\"https:\/\/toolset.com\/wp-content\/uploads\/2020\/04\/Toolset-Branding-guidebook.pdf\" rel=\"noopener noreferrer\">Branding-Ratgeber<\/a> <\/div> <div class=\"col-sm-8\"> <h5 class=\"text-dark\">Was sich empfiehlt<\/h5> <ul> <li>Verwenden Sie Toolset-Grafiken zur Bewerbung unserer Marken und Produkte<\/li> <li>Verwenden Sie unsere Grafiken in Blogposts und anderen digitalen Medien<\/li> <\/ul> <h5>Was sich nicht empfiehlt<\/h5> <ul> <li>Die Modifizierung oder Ver\u00e4nderung der bereitgestellten Grafiken<\/li> <li>Die Einbeziehung unserer Grafiken in Ihr eigenes Branding oder eine solche Verwendung, die Besucher dar\u00fcber in die Irre f\u00fchrt, wem der Service geh\u00f6rt<\/li> <\/ul> <\/div> <\/div> <hr class=\"hr-light extra-padding\"> <div class=\"row\"> <div class=\"col-sm-4\"> <h4 class=\"text-dark\">Toolset-Logos<\/h4> <p>Die angezeigten Dateien sind alle im PNG-Format. Sie k\u00f6nnen alle Dateien unten herunterladen.<\/p> <a class=\"btn btn-secondary\" href=\"https:\/\/toolset.com\/wp-content\/uploads\/2020\/04\/toolset-community-package.zip\">Mediendateien 7,5 MB<\/a> <\/div> <div class=\"col-sm-8\"> <div class=\"row brands\"> <div class=\"col-sm-6\"> <div class=\"brand-asset\"> <a href=\"https:\/\/toolset.com\/wp-content\/uploads\/2020\/04\/Toolset-logo-png.png\"> <img decoding=\"async\" class=\"wp-image-735321 size-full\" src=\"https:\/\/toolset.com\/wp-content\/uploads\/2020\/04\/Toolset-logo-png.png\" alt=\"\" width=\"600\" height=\"200\"> <\/a> <small>Toolset-Logo 600&#215;200 px<\/small> <\/div> <\/div> <div class=\"col-sm-6\"> <div class=\"brand-asset\"> <a href=\"https:\/\/toolset.com\/wp-content\/uploads\/2020\/04\/Toolset-logo-bg-white-png.png\"> <img decoding=\"async\" src=\"https:\/\/toolset.com\/wp-content\/uploads\/2020\/04\/Toolset-logo-bg-white-png.png\" width=\"600\" height=\"200\" class=\"size-full\"> <\/a> <small>Toolset-Logo 600&#215;200 px<\/small><\/div> <\/div> <\/div> <div class=\"row brands\"> <div class=\"col-sm-6\"> <div class=\"brand-asset\"> <a href=\"https:\/\/toolset.com\/wp-content\/uploads\/2020\/04\/toolset-logo-tag-line-png.png\"> <img decoding=\"async\" src=\"https:\/\/toolset.com\/wp-content\/uploads\/2020\/04\/toolset-logo-tag-line-png.png\" width=\"600\" height=\"310\" class=\"size-full\"> <\/a> <small>Toolset-Logo mit einer Tagline 600&#215;310 px<\/small><\/div> <\/div> <div class=\"col-sm-6\"> <div class=\"brand-asset\"> <a href=\"https:\/\/toolset.com\/wp-content\/uploads\/2020\/04\/toolset-logo-tag-line-bg-white-png.png\"> <img decoding=\"async\" class=\"size-full wp-image-742512\" src=\"https:\/\/toolset.com\/wp-content\/uploads\/2020\/04\/toolset-logo-tag-line-bg-white-png.png\" alt=\"\" width=\"600\" height=\"310\"> <\/a> <small>Toolset-Logo mit einer Tagline 600&#215;310 px<\/small><\/div> <\/div> <\/div> <\/div> <\/div> <hr class=\"hr-light extra-padding\"> <div class=\"row\"> <div class=\"col-sm-4\"> <h3 class=\"text-dark\">Toolset-Community-Branding<\/h3> <p>Community-Logos sind f\u00fcr Menschen gedacht, die Videos, Tutorials oder FB-Gruppen rund um Toolset erstellen wollen<\/p> <p><a class=\"btn btn-secondary\" href=\"https:\/\/toolset.com\/wp-content\/uploads\/2020\/04\/toolset-community-package.zip\">Mediendateien 7,5 MB<\/a><\/p> <p><a target=\"_blank\" class=\"btn btn-secondary\" href=\"https:\/\/toolset.com\/wp-content\/uploads\/2020\/04\/Toolset-Community-Branding-guidebook.pdf\" rel=\"noopener noreferrer\">Branding-Ratgeber<\/a> <\/p> <\/div> <div class=\"col-sm-4 col-sm-8\"> <div class=\"row brands\"> <div class=\"col-sm-6\"> <div class=\"brand-asset\"> <a href=\"https:\/\/toolset.com\/wp-content\/uploads\/2020\/04\/toolset-community-logo-transparent-png.png\"> <img decoding=\"async\" class=\"size-full wp-image-743077\" src=\"https:\/\/toolset.com\/wp-content\/uploads\/2020\/04\/toolset-community-logo-transparent-png.png\" alt=\"\" width=\"577\" height=\"148\"> <\/a> <small>Toolset-Commmunity-Logo transparent 577x148px<\/small> <\/div> <\/div> <div class=\"col-sm-6\"> <div class=\"brand-asset\"> <a href=\"https:\/\/toolset.com\/wp-content\/uploads\/2020\/04\/toolset-community-logo-png.png\"> <img decoding=\"async\" class=\"size-full wp-image-743096\" src=\"https:\/\/toolset.com\/wp-content\/uploads\/2020\/04\/toolset-community-logo-png.png\" alt=\"\" width=\"600\" height=\"171\"> <\/a> <small>Toolset-Community-Logo 600&#215;171 px<\/small> <\/div> <\/div> <\/div> <div class=\"row brands\"> <div class=\"col-sm-6\"> <div class=\"brand-asset\"> <a href=\"https:\/\/toolset.com\/wp-content\/uploads\/2020\/04\/toolset-community.png\"><img decoding=\"async\" class=\"size-full wp-image-735625\" src=\"https:\/\/toolset.com\/wp-content\/uploads\/2020\/04\/toolset-community.png\" alt=\"\" width=\"1280\" height=\"720\"><\/a> <small>Beispielnutzung<\/small> <\/div> <\/div> <div class=\"col-sm-6\"> <div class=\"brand-asset\"> <a href=\"https:\/\/toolset.com\/wp-content\/uploads\/2020\/04\/toolset-community-2.png\"><img decoding=\"async\" class=\"size-full wp-image-735623\" src=\"https:\/\/toolset.com\/wp-content\/uploads\/2020\/04\/toolset-community-2.png\" alt=\"\" width=\"1500\" height=\"1500\"><\/a> <small>Beispielnutzung<\/small> <\/div> <\/div> <\/div> <\/div> <\/div> <hr class=\"hr-light extra-padding\"> <div class=\"row\"> <div class=\"col-sm-4\"> <h3 class=\"text-dark\">Farben<\/h3> <p>Die offiziellen Toolset-Farben in RGB und Hexcodes<\/p> <\/div> <div class=\"col-sm-8\"> <ul class=\"toolset-colors\"> <li> <div class=\"orange\"><\/div> <small>#ed793e, rgb (237, 121, 62)<\/small> <\/li> <li> <div style=\"background: #ffffff;\"><\/div> <small>#ffffff, rgb (255,255,255)<\/small> <\/li> <\/ul> <\/div> <\/div> <hr class=\"hr-light extra-padding\"> <div class=\"row\"> <div class=\"col-sm-4\"> <h3 class=\"text-dark\">Markenname<\/h3> <\/div> <div class=\"col-sm-8\"> <div class=\"row\"> <div class=\"col-sm-6\"> <h5 class=\"text-dark\">Richtig<\/h5> <ul> <li>Toolset<\/li> <li>Toolset Types (Types)<\/li> <li>Toolset Views (Views)<\/li> <li>Toolset Layouts (Layouts)<\/li> <li>Toolset Forms (Forms)<\/li> <li>Toolset Access (Access)<\/li> <li>Toolset Maps (Maps)<\/li> <\/ul> <\/div> <div class=\"col-sm-6\"> <h5>Falsch<\/h5> <ul> <li>ToolKit<\/li> <li>SetofTool<\/li> <li>WP Types<\/li> <li>ToolSET<\/li> <\/ul> <\/div> <\/div> <\/div> <\/div> <hr class=\"hr-light extra-padding\"> <h3 class=\"text-dark\">Affiliate-Programm<\/h3> <p>Wenn Sie Blogger sind und Interesse daran haben, Toolset zu bewerben, helfen wir Ihnen, die Benutzung zu erlernen und Ihr eigenes Marketing-Material zu erstellen. Au\u00dferdem k\u00f6nnen Sie gern unser <a href=\"https:\/\/toolset.com\/account\/affiliate\/\">Affiliate-System<\/a> verwenden. Bei Interesse finden Sie hier einige Infos f\u00fcr einen einfachen Einstieg.<\/p> <div class=\"row\"> <div class=\"col-sm-6\"> <h4>Provisionss\u00e4tze<\/h4> <p>Sie verdienen f\u00fcr jede Bestellung von Toolset eine Affiliate-Provision.<\/p> <table class=\"table table\"> <tbody> <tr> <th>Kaufen<\/th> <th>Ihre Provision<\/th> <\/tr> <tr> <td>Toolset Agency<\/td> <td class=\"fee\">60 EUR<\/td> <\/tr> <tr> <td>Toolset Interactive<\/td> <td class=\"fee\">30 EUR<\/td> <\/tr> <tr> <td>Toolset Presentation<\/td> <td class=\"fee\">14 EUR<\/td> <\/tr> <\/tbody> <\/table> <\/div> <div class=\"col-sm-6\"> <h4>So erstellen Sie Affiliate-Links<\/h4> <p>Loggen Sie sich in Ihren Toolset-Account ein und klicken Sie auf den Affiliates-Button. Dort sehen Sie einen Link, den Sie kopieren und verwenden k\u00f6nnen. Der Link enth\u00e4lt Ihre Affiliate-ID und Ihren Affiliate-Schl\u00fcssel. Sie k\u00f6nnen auf eine beliebige Seite auf toolset.com verlinken. Achten Sie darauf, die Affiliate-ID und den Affiliate-Schl\u00fcssel mitanzugeben, dann wird dieser Link als Affiliate-Link dienen. Wir merken uns Besuche bis zu 30 Tage lang. Wenn ein Besucher auf unserer Seite ankommt, setzen wir einen Cookie f\u00fcr den Ursprung. T\u00e4tigt dieser Besucher sp\u00e4ter einen Kauf, wissen wir, dass Sie ihn geschickt haben, und schreiben Ihnen die entsprechende Provision gut. <\/p> <p>Wir empfehlen Ihnen, selbst Screenshots der Toolset-Plugins zu machen. Dies zeigt Ihre individuelle Arbeit. Wenn Sie Screenshots machen, halten Sie die Browsergr\u00f6\u00dfe minimal, damit andere Ihre Screenshots auf ihren Bildschirmen sehen k\u00f6nnen. Wir empfehlen Ihnen zudem, Bildunterschriften zu erstellen, die erl\u00e4utern, was die Bilder bedeuten. <\/p> <\/div> <\/div> <hr class=\"hr-light extra-padding\"> <h3 class=\"text-dark\">Geben Sie uns Bescheid, wenn Sie \u00fcber uns schreiben<\/h3> <p>Wir f\u00fcgen Sie gern unserer <a href=\"https:\/\/toolset.com\/mention\/\">Toolset im Netz<\/a>-Seite hinzu. Wenn Sie einen interessanten Artikel \u00fcber Toolset schreiben, kontaktieren Sie uns, dann f\u00fcgen wir Sie gern hinzu.<\/p> <hr class=\"hr-light extra-padding\"> <h3 class=\"text-dark\">Kontaktieren Sie uns<\/h3> <p>Alle prahlen gern von ihrer tollen Arbeit, da sind wir keine Ausnahme. Wenn Sie \u00fcber Toolset berichten m\u00f6chten und weitere Informationen brauchen, <a title=\"Kontaktformular\" href=\"https:\/\/toolset.com\/home\/contact-us\/contact-form\/\">kontaktieren Sie uns<\/a> sehr gern.<\/p>\n","protected":false},"excerpt":{"rendered":"","protected":false},"author":1,"featured_media":0,"parent":1397513,"menu_order":81,"comment_status":"closed","ping_status":"closed","template":"","meta":{"_bbp_topic_count":0,"_bbp_reply_count":0,"_bbp_total_topic_count":0,"_bbp_total_reply_count":0,"_bbp_voice_count":0,"_bbp_anonymous_reply_count":0,"_bbp_topic_count_hidden":0,"_bbp_reply_count_hidden":0,"_bbp_forum_subforum_count":0,"ep_exclude_from_search":false,"footnotes":""},"documentation-category":[],"class_list":["post-26800","page","type-page","status-publish","hentry"],"_links":{"self":[{"href":"https:\/\/toolset.com\/de\/wp-json\/wp\/v2\/pages\/26800","targetHints":{"allow":["GET"]}}],"collection":[{"href":"https:\/\/toolset.com\/de\/wp-json\/wp\/v2\/pages"}],"about":[{"href":"https:\/\/toolset.com\/de\/wp-json\/wp\/v2\/types\/page"}],"author":[{"embeddable":true,"href":"https:\/\/toolset.com\/de\/wp-json\/wp\/v2\/users\/1"}],"replies":[{"embeddable":true,"href":"https:\/\/toolset.com\/de\/wp-json\/wp\/v2\/comments?post=26800"}],"version-history":[{"count":8,"href":"https:\/\/toolset.com\/de\/wp-json\/wp\/v2\/pages\/26800\/revisions"}],"predecessor-version":[{"id":1501123,"href":"https:\/\/toolset.com\/de\/wp-json\/wp\/v2\/pages\/26800\/revisions\/1501123"}],"up":[{"embeddable":true,"href":"https:\/\/toolset.com\/de\/wp-json\/wp\/v2\/pages\/1397513"}],"wp:attachment":[{"href":"https:\/\/toolset.com\/de\/wp-json\/wp\/v2\/media?parent=26800"}],"wp:term":[{"taxonomy":"documentation-category","embeddable":true,"href":"https:\/\/toolset.com\/de\/wp-json\/wp\/v2\/documentation-category?post=26800"}],"curies":[{"name":"wp","href":"https:\/\/api.w.org\/{rel}","templated":true}]}}