{"id":26669,"date":"2012-11-21T21:09:07","date_gmt":"2012-11-21T21:09:07","guid":{"rendered":"https:\/\/toolset.com\/start\/uber-uns\/"},"modified":"2020-11-19T10:57:11","modified_gmt":"2020-11-19T10:57:11","slug":"uber-uns","status":"publish","type":"page","link":"https:\/\/toolset.com\/de\/startseite-neu\/uber-uns\/","title":{"rendered":"\u00dcber uns"},"content":{"rendered":"<p>Das Unternehmen hinter Types, Views, Forms und Types Access hei\u00dft <a href=\"http:\/\/www.onthegosystems.com\">OnTheGoSystems<\/a>. Uns gibt es schon seit 2007 und unsere WordPress-Plugins betreiben \u00fcber 600.000 gewerbliche WordPress-Websites. Sie kennen uns vielleicht von <a href=\"http:\/\/wpml.org\">WPML<\/a> \u2013 dem mehrsprachigen WordPress-Plugin.<\/p>\n<p><a href=\"https:\/\/www.onthegosystems.com\/\" target=\"_blank\" rel=\"noopener noreferrer\"><img decoding=\"async\" class=\"alignnone wp-image-1722593\" role=\"img\" src=\"https:\/\/toolset.com\/wp-content\/uploads\/2020\/07\/logo-otgs-color.svg\" alt=\"\" width=\"240\" height=\"50\"><\/a><\/p>\n<p>Wir sind ein wirklich weltweites Unternehmen mit Mitarbeitern von sechs Kontinenten (wenn Sie aus der Antarktis sind, bewerben Sie sich bitte, von dort haben wir noch niemanden).<\/p>\n<h2 class=\"clear\">Einige Statistiken \u00fcber OnTheGoSystems<\/h2>\n<ul>\n<li>Mitarbeiter &#8211; 90 % der Menschen, die f\u00fcr OnTheGoSystems arbeiten, haben einen Bachelor of Science in Informatik oder einen \u00e4hnlichen Hochschulabschluss.<\/li>\n<li>\u00dcber 1\/2 arbeiten als Entwickler. 1\/3 sind im Support, Testen und der QS. 1\/6 behalten alles im Blick und ziehen Kunden an Land.<\/li>\n<\/ul>\n<h2>So bewerben Sie sich<\/h2>\n<p>Wir sind immer auf der Suche nach guten Leuten, die Teil unseres Unternehmens werden m\u00f6chten. Unsere Anforderungen sind simpel, aber nicht trivial. Sie m\u00fcssen Profi sein, mit entsprechender Einstellung, aber nett und freundlich, jemand, mit dem man gern arbeitet. Wenn Sie genau das jeden Morgen im Spiegel sehen und auf der Suche nach einem anspruchsvollen und lohnenswerten Job sind, sollten Sie uns unbedingt kontaktieren.<\/p>\n<p>Besuchen Sie unsere Seite der <a href=\"http:\/\/www.onthegosystems.com\/jobs\/\">offenen Stellen<\/a>, um herauszufinden, welche Gelegenheiten auf Sie warten.<\/p>\n<h2>Was wir machen<\/h2>\n<p>Das erste unserer Produkte, das live ging, war WPML. Das ist ein Plugin, mit dem \u00fcber WordPress mehrsprachige Websites betrieben werden k\u00f6nnen. Dann entwickelten wir Types. Danach kamen Views und sp\u00e4ter Forms und Access.<\/p>\n<h2>Wer unsere Kunden sind<\/h2>\n<p>Fast jeder, der bei uns Produkte kauft, erstellt Websites f\u00fcr Kunden. Das kann eine kleine One-Man-Show sein oder ein gro\u00dfer Webentwicklungsanbieter. Unsere Produkte werden f\u00fcr Webentwickler gestaltet. Benutzerfreundlichkeit, Dokumentation und Support geh\u00f6ren dazu. Unsere Produkte bieten die Hilfe und den Support, die Sie brauchen, um f\u00fcr Ihre Kunden da zu sein und Ihre Deadlines zu erf\u00fcllen.<\/p>\n<h2>Kerngrunds\u00e4tze<\/h2>\n<p>Wir wissen, dass unser Erfolg den Tausenden zufriedenen Kunden zu verdanken ist, die uns vertrauen. Dieses Vertrauen muss jeden Tag aufs Neue verdient werden (im wahrsten Sinne des Wortes). Klar sagen alle, dass ihnen ihre Kunden wichtig sind und sie guten Support bieten, aber bei uns merkt man das auch. Sehen Sie sich mal in unserem <a href=\"https:\/\/toolset.com\/forums\/\">technischen Support-Forum<\/a> an, was wir so bieten.<\/p>\n<h2>So erreichen Sie uns<\/h2>\n<p>Wenn Sie technische Fragen haben, benutzen Sie bitte unser <a href=\"https:\/\/toolset.com\/forums\/\">Support-Forum<\/a>. Bei gesch\u00e4ftlichen Anfragen oder allem, das sich nicht um Technik dreht, verwenden Sie bitte unser <a href=\"https:\/\/toolset.com\/de\/startseite-neu\/kontaktieren-sie-uns\/\">Kontaktformular<\/a>.<\/p>\n","protected":false},"excerpt":{"rendered":"<p>Das Unternehmen hinter Types, Views, Forms und Types Access hei\u00dft OnTheGoSystems. Uns gibt es schon seit 2007 und unsere WordPress-Plugins betreiben \u00fcber 600.000 gewerbliche WordPress-Websites. Sie kennen uns vielleicht von WPML \u2013 dem mehrsprachigen WordPress-Plugin. Wir sind ein wirklich weltweites Unternehmen mit Mitarbeitern von sechs Kontinenten (wenn Sie aus der Antarktis sind, bewerben Sie sich [&hellip;]<\/p>\n","protected":false},"author":1,"featured_media":0,"parent":1397513,"menu_order":34,"comment_status":"closed","ping_status":"closed","template":"","meta":{"_bbp_topic_count":0,"_bbp_reply_count":0,"_bbp_total_topic_count":0,"_bbp_total_reply_count":0,"_bbp_voice_count":0,"_bbp_anonymous_reply_count":0,"_bbp_topic_count_hidden":0,"_bbp_reply_count_hidden":0,"_bbp_forum_subforum_count":0,"ep_exclude_from_search":false,"footnotes":""},"documentation-category":[],"class_list":["post-26669","page","type-page","status-publish","hentry"],"_links":{"self":[{"href":"https:\/\/toolset.com\/de\/wp-json\/wp\/v2\/pages\/26669","targetHints":{"allow":["GET"]}}],"collection":[{"href":"https:\/\/toolset.com\/de\/wp-json\/wp\/v2\/pages"}],"about":[{"href":"https:\/\/toolset.com\/de\/wp-json\/wp\/v2\/types\/page"}],"author":[{"embeddable":true,"href":"https:\/\/toolset.com\/de\/wp-json\/wp\/v2\/users\/1"}],"replies":[{"embeddable":true,"href":"https:\/\/toolset.com\/de\/wp-json\/wp\/v2\/comments?post=26669"}],"version-history":[{"count":8,"href":"https:\/\/toolset.com\/de\/wp-json\/wp\/v2\/pages\/26669\/revisions"}],"predecessor-version":[{"id":1849597,"href":"https:\/\/toolset.com\/de\/wp-json\/wp\/v2\/pages\/26669\/revisions\/1849597"}],"up":[{"embeddable":true,"href":"https:\/\/toolset.com\/de\/wp-json\/wp\/v2\/pages\/1397513"}],"wp:attachment":[{"href":"https:\/\/toolset.com\/de\/wp-json\/wp\/v2\/media?parent=26669"}],"wp:term":[{"taxonomy":"documentation-category","embeddable":true,"href":"https:\/\/toolset.com\/de\/wp-json\/wp\/v2\/documentation-category?post=26669"}],"curies":[{"name":"wp","href":"https:\/\/api.w.org\/{rel}","templated":true}]}}