{"id":2132127,"date":"2021-08-03T05:49:32","date_gmt":"2021-08-03T05:49:32","guid":{"rendered":"https:\/\/toolset.com\/so-erstellen-sie-fortgeschrittene-websites-mit-gutenberg-und-ohne-programmierung\/"},"modified":"2021-08-03T05:49:40","modified_gmt":"2021-08-03T05:49:40","slug":"so-erstellen-sie-fortgeschrittene-websites-mit-gutenberg-und-ohne-programmierung","status":"publish","type":"page","link":"https:\/\/toolset.com\/de\/so-erstellen-sie-fortgeschrittene-websites-mit-gutenberg-und-ohne-programmierung\/","title":{"rendered":"So erstellen Sie fortgeschrittene Websites mit Gutenberg und ohne Programmierung"},"content":{"rendered":"\n<div class=\"wp-block-toolset-blocks-container tb-container alignfull\" data-toolset-blocks-container=\"880baab6af4fab5c17df797449f14224\"><div class=\"tb-container-inner\">\n<div class=\"wp-block-toolset-blocks-grid tb-grid\" data-toolset-blocks-grid=\"298e6501cb5fec291c0d57a0d21cbe25\">\n<div class=\"wp-block-toolset-blocks-grid-column tb-grid-column tb-grid-align-center\" data-toolset-blocks-grid-column=\"f586ff7bfe1d7317c63162ec7b7039ed\">\n<h1 class=\"tb-heading has-text-color\" data-toolset-blocks-heading=\"133eedfe3c15b7aa9dea680bb7f960b7\" data-last-update=\"1.4\">So erstellen Sie fortgeschrittene Websites mit Gutenberg und ohne Programmierung<\/h1>\n\n\n\n<p class=\"tb-heading has-text-color\" data-toolset-blocks-heading=\"861a9040bc632853bc525c9766bd8781\" data-last-update=\"1.4\">Gutenberg macht es Ihnen m\u00f6glich, umfassende WordPress-Websites zu erstellen, die schnell laden und auf jeder Bildschirmgr\u00f6\u00dfe toll aussehen. Mit den <a class=\"white-link\" href=\"https:\/\/toolset.com\/de\/startseite-neu\/toolset-komponenten-2\/\">Toolset-Plugins<\/a> k\u00f6nnen Sie ganz ohne Programmieren fortgeschrittene Websites mit Gutenberg erstellen.<\/p>\n\n\n\n<div class=\"tb-button\" data-toolset-blocks-button=\"e385c58e3f225d4eabd6b8bd0b20168b\"><a class=\"tb-button__link\" href=\"https:\/\/toolset.com\/buy\/\"><i class=\"tb-button__icon\"><\/i><span class=\"tb-button__content\">Kaufen Sie Toolset<\/span><\/a><\/div>\n\n\n\n<p class=\"tb-heading has-text-color\" data-toolset-blocks-heading=\"6df4ea82b62f4d18a86265f804198ed1\" data-last-update=\"1.4\">Alles enthalten, ab 69 $<\/p>\n<\/div>\n\n\n\n<div class=\"wp-block-toolset-blocks-grid-column tb-grid-column tb-grid-align-top\" data-toolset-blocks-grid-column=\"3034fbe886c11054e95b46b09d3e4112\"><div class=\"wp-block-image\">\n<figure class=\" tb-image tb-image-dynamic alignright\" data-toolset-blocks-image=\"6fc82245f306265296b1321976c510d1\"><img decoding=\"async\" width=\"780\" height=\"655\" loading=\"lazy\" src=\"https:\/\/toolset.com\/wp-content\/uploads\/2021\/05\/heroimg.png\" alt=\"\" class=\"wp-image-2058577\" srcset=\"https:\/\/toolset.com\/wp-content\/uploads\/2021\/05\/heroimg.png 780w, https:\/\/toolset.com\/wp-content\/uploads\/2021\/05\/heroimg-300x252.png 300w, https:\/\/toolset.com\/wp-content\/uploads\/2021\/05\/heroimg-150x126.png 150w, https:\/\/toolset.com\/wp-content\/uploads\/2021\/05\/heroimg-768x645.png 768w, https:\/\/toolset.com\/wp-content\/uploads\/2021\/05\/heroimg-619x520.png 619w\" sizes=\"auto, (max-width: 780px) 100vw, 780px\" \/><\/figure>\n<\/div><\/div>\n<\/div>\n<\/div><\/div>\n\n<div class=\"wp-block-toolset-blocks-container tb-container alignfull\" data-toolset-blocks-container=\"2cf47a81172b4fe62ee9b16407ab822d\"><div class=\"tb-container-inner\">\n<div class=\"wp-block-toolset-blocks-grid tb-grid\" data-toolset-blocks-grid=\"f289a74f07b7111b7af9610906b4d055\">\n<div class=\"wp-block-toolset-blocks-grid-column tb-grid-column tb-grid-align-center\" data-toolset-blocks-grid-column=\"f586ff7bfe1d7317c63162ec7b7039ed\">\n<div class=\"tb-youtube\" data-toolset-blocks-youtube=\"ee5f3b752ecc9960372804c3f2e79ba4\"><div><iframe data-src=\"https:\/\/www.youtube.com\/embed\/ND5UJgMckZE?rel=0&#038;color=white&#038;toolset=1\" frameBorder=\"0\" allow=\"accelerometer; autoplay; encrypted-media; gyroscope; picture-in-picture\" allowfullscreen><\/iframe><\/div><\/div>\n<\/div>\n\n\n\n<div class=\"wp-block-toolset-blocks-grid-column tb-grid-column tb-grid-align-center\" data-toolset-blocks-grid-column=\"f586ff7bfe1d7317c63162ec7b7039ed\">\n<figure class=\"wp-block-image tb-image tb-image-dynamic\" data-toolset-blocks-image=\"c0552df787892527726ae5f2e8420013\"><img decoding=\"async\" loading=\"lazy\" src=\"https:\/\/toolset.com\/wp-content\/uploads\/2021\/05\/archive.svg\" alt=\"\" class=\"wp-image-2061117\"\/><\/figure>\n\n\n\n<h3 class=\"tb-heading has-text-color\" data-toolset-blocks-heading=\"6e86c89c5903a097e912860eb00dfd11\" data-last-update=\"1.4\">Designen Sie benutzerdefinierte Templates und Archive<\/h3>\n\n\n\n<div class=\"tb-fields-and-text\" data-toolset-blocks-fields-and-text=\"22d529938ef1482d3b5824b14e573d0f\"><p><span style=\"font-weight: 400;\">Mit Toolset k\u00f6nnen Sie Templates und Archive mit dem Gutenberg-Editor designen. Es ist keinerlei Programmierung oder Code f\u00fcr die Bearbeitung erforderlich.<\/span><span> <\/span><\/p><\/div>\n<\/div>\n<\/div>\n<\/div><\/div>\n\n<div class=\"wp-block-toolset-blocks-container tb-container alignfull\" data-toolset-blocks-container=\"2628e836554ffca2e5600a8a122cb192\"><div class=\"tb-container-inner\">\n<div class=\"wp-block-toolset-blocks-grid tb-grid\" data-toolset-blocks-grid=\"4a5e1de89d039578c667592191fdeaf6\">\n<div class=\"wp-block-toolset-blocks-grid-column tb-grid-column tb-grid-align-center\" data-toolset-blocks-grid-column=\"f586ff7bfe1d7317c63162ec7b7039ed\">\n<figure class=\"wp-block-image tb-image tb-image-dynamic\" data-toolset-blocks-image=\"bab831a758131aa3215b2e338cee01fb\"><img decoding=\"async\" loading=\"lazy\" src=\"https:\/\/toolset.com\/wp-content\/uploads\/2021\/05\/view.svg\" alt=\"\" class=\"wp-image-2061127\"\/><\/figure>\n\n\n\n<h3 class=\"tb-heading has-text-color\" data-toolset-blocks-heading=\"6e86c89c5903a097e912860eb00dfd11\" data-last-update=\"1.4\">Zeigen Sie Inhaltslisten an<\/h3>\n\n\n\n<div class=\"tb-fields-and-text\" data-toolset-blocks-fields-and-text=\"22d529938ef1482d3b5824b14e573d0f\"><p><span style=\"font-weight: 400;\">Verwenden Sie Toolsets leistungsstarken View-Block, um Inhalte abzurufen und auf jede gew\u00fcnschte Art und an jeder gew\u00fcnschten Stelle anzuzeigen.<\/span><\/p><\/div>\n<\/div>\n\n\n\n<div class=\"wp-block-toolset-blocks-grid-column tb-grid-column tb-grid-align-center\" data-toolset-blocks-grid-column=\"f586ff7bfe1d7317c63162ec7b7039ed\">\n<div class=\"tb-youtube\" data-toolset-blocks-youtube=\"584fc1d5dc1cd1df589ff0ba621dfcda\"><div><iframe data-src=\"https:\/\/www.youtube.com\/embed\/G0bUrzCHyoA?rel=0&#038;color=white&#038;toolset=1\" frameBorder=\"0\" allow=\"accelerometer; autoplay; encrypted-media; gyroscope; picture-in-picture\" allowfullscreen><\/iframe><\/div><\/div>\n<\/div>\n<\/div>\n<\/div><\/div>\n\n<div class=\"wp-block-toolset-blocks-container tb-container alignfull\" data-toolset-blocks-container=\"2cf47a81172b4fe62ee9b16407ab822d\"><div class=\"tb-container-inner\">\n<div class=\"wp-block-toolset-blocks-grid tb-grid\" data-toolset-blocks-grid=\"f289a74f07b7111b7af9610906b4d055\">\n<div class=\"wp-block-toolset-blocks-grid-column tb-grid-column tb-grid-align-center\" data-toolset-blocks-grid-column=\"f586ff7bfe1d7317c63162ec7b7039ed\">\n<div class=\"tb-youtube\" data-toolset-blocks-youtube=\"f3d546aef2bbc42ee5b1dce346f48163\"><div><iframe data-src=\"https:\/\/www.youtube.com\/embed\/EpWjc-fpH5Y?rel=0&#038;color=white&#038;toolset=1\" frameBorder=\"0\" allow=\"accelerometer; autoplay; encrypted-media; gyroscope; picture-in-picture\" allowfullscreen><\/iframe><\/div><\/div>\n<\/div>\n\n\n\n<div class=\"wp-block-toolset-blocks-grid-column tb-grid-column tb-grid-align-center\" data-toolset-blocks-grid-column=\"f586ff7bfe1d7317c63162ec7b7039ed\">\n<figure class=\"wp-block-image tb-image tb-image-dynamic\" data-toolset-blocks-image=\"a7d33becabe2d24880b174dc590979b6\"><img decoding=\"async\" loading=\"lazy\" src=\"https:\/\/toolset.com\/wp-content\/uploads\/2021\/05\/search.svg\" alt=\"\" class=\"wp-image-2061137\"\/><\/figure>\n\n\n\n<h3 class=\"tb-heading has-text-color\" data-toolset-blocks-heading=\"6e86c89c5903a097e912860eb00dfd11\" data-last-update=\"1.4\">Erstellen Sie benutzerdefinierte Suchen<\/h3>\n\n\n\n<div class=\"tb-fields-and-text\" data-toolset-blocks-fields-and-text=\"22d529938ef1482d3b5824b14e573d0f\"><p><span style=\"font-weight: 400;\">Legen Sie Suchsteuerungen per Drag-and-Drop an und erstellen Sie benutzerdefinierte Suchen, die funktionieren und genau so aussehen, wie Sie sich das vorstellen.<\/span><\/p><\/div>\n<\/div>\n<\/div>\n<\/div><\/div>\n\n<div class=\"wp-block-toolset-blocks-container tb-container alignfull\" data-toolset-blocks-container=\"2628e836554ffca2e5600a8a122cb192\"><div class=\"tb-container-inner\">\n<div class=\"wp-block-toolset-blocks-grid tb-grid\" data-toolset-blocks-grid=\"4a5e1de89d039578c667592191fdeaf6\">\n<div class=\"wp-block-toolset-blocks-grid-column tb-grid-column tb-grid-align-center\" data-toolset-blocks-grid-column=\"f586ff7bfe1d7317c63162ec7b7039ed\">\n<figure class=\"wp-block-image tb-image tb-image-dynamic\" data-toolset-blocks-image=\"6288687c254ef65c67708bd645e06f5c\"><img decoding=\"async\" loading=\"lazy\" src=\"https:\/\/toolset.com\/wp-content\/uploads\/2021\/05\/map.svg\" alt=\"\" class=\"wp-image-2061147\"\/><\/figure>\n\n\n\n<h3 class=\"tb-heading has-text-color\" data-toolset-blocks-heading=\"6e86c89c5903a097e912860eb00dfd11\" data-last-update=\"1.4\">Zeigen Sie Inhalte auf Karten an<\/h3>\n\n\n\n<div class=\"tb-fields-and-text\" data-toolset-blocks-fields-and-text=\"22d529938ef1482d3b5824b14e573d0f\"><p><span style=\"font-weight: 400;\">Toolsets Map-Block kann alles von einer simplen &#8220;unsere Adresse&#8221;-Karte bis zu erweiterten Karten mit Listen von Markern anzeigen.<\/span><\/p><\/div>\n<\/div>\n\n\n\n<div class=\"wp-block-toolset-blocks-grid-column tb-grid-column tb-grid-align-center\" data-toolset-blocks-grid-column=\"f586ff7bfe1d7317c63162ec7b7039ed\">\n<div class=\"tb-youtube\" data-toolset-blocks-youtube=\"0a8fc1bf1eb611f09984a13131dacdf1\"><div><iframe data-src=\"https:\/\/www.youtube.com\/embed\/IIwNJr3bR4Y?rel=0&#038;color=white&#038;toolset=1\" frameBorder=\"0\" allow=\"accelerometer; autoplay; encrypted-media; gyroscope; picture-in-picture\" allowfullscreen><\/iframe><\/div><\/div>\n<\/div>\n<\/div>\n<\/div><\/div>\n\n<div class=\"wp-block-toolset-blocks-container tb-container alignfull\" data-toolset-blocks-container=\"2cf47a81172b4fe62ee9b16407ab822d\"><div class=\"tb-container-inner\">\n<div class=\"wp-block-toolset-blocks-grid tb-grid\" data-toolset-blocks-grid=\"f289a74f07b7111b7af9610906b4d055\">\n<div class=\"wp-block-toolset-blocks-grid-column tb-grid-column tb-grid-align-center\" data-toolset-blocks-grid-column=\"f586ff7bfe1d7317c63162ec7b7039ed\">\n<div class=\"tb-youtube\" data-toolset-blocks-youtube=\"9dcdd44cb31c5ccc1bf0958dd6636d96\"><div><iframe data-src=\"https:\/\/www.youtube.com\/embed\/0jaahChFodg?rel=0&#038;color=white&#038;toolset=1\" frameBorder=\"0\" allow=\"accelerometer; autoplay; encrypted-media; gyroscope; picture-in-picture\" allowfullscreen><\/iframe><\/div><\/div>\n<\/div>\n\n\n\n<div class=\"wp-block-toolset-blocks-grid-column tb-grid-column tb-grid-align-center\" data-toolset-blocks-grid-column=\"f586ff7bfe1d7317c63162ec7b7039ed\">\n<figure class=\"wp-block-image tb-image tb-image-dynamic\" data-toolset-blocks-image=\"ca99a2f84dac4ded1df4cc9ab782ca25\"><img decoding=\"async\" loading=\"lazy\" src=\"https:\/\/toolset.com\/wp-content\/uploads\/2021\/05\/conditional.svg\" alt=\"\" class=\"wp-image-2061157\"\/><\/figure>\n\n\n\n<h3 class=\"tb-heading has-text-color\" data-toolset-blocks-heading=\"c10abcc0c5eea649f2449bd560f749ab\" data-last-update=\"1.4\">Zeigen Sie Inhalte bedingt an<\/h3>\n\n\n\n<div class=\"tb-fields-and-text\" data-toolset-blocks-fields-and-text=\"22d529938ef1482d3b5824b14e573d0f\"><p><span style=\"font-weight: 400;\">Mit dem bedingten Anzeige-Block k\u00f6nnen Sie steuern, wer verschiedene Teile von Seiten und Templates sieht.<\/span><\/p><\/div>\n<\/div>\n<\/div>\n<\/div><\/div>\n\n<div class=\"wp-block-toolset-blocks-grid tb-grid\" data-toolset-blocks-grid=\"c4bf0228c7d22ff1995d0c15b19b4248\">\n<div class=\"wp-block-toolset-blocks-grid-column tb-grid-column tb-grid-align-center\" data-toolset-blocks-grid-column=\"f586ff7bfe1d7317c63162ec7b7039ed\">\n<h3 class=\"tb-heading\" data-toolset-blocks-heading=\"47364c11fd43e98f6bd459368d2c1a9c\" data-last-update=\"1.4\">Alle Design-Bl\u00f6cke, die Sie brauchen k\u00f6nnten<\/h3>\n\n\n\n<p class=\"tb-heading\" data-toolset-blocks-heading=\"086937d7e6a266c7e3452cc3405a30ce\" data-last-update=\"1.4\">Toolset enth\u00e4lt seine eigene umfangreiche Bibliothek von Bl\u00f6cken und l\u00e4sst Ihnen v\u00f6llige kreative Freiheit. Zus\u00e4tzlich integriert es sich in WordPress-Kernbl\u00f6cke und die beliebtesten Block-Plugins. <\/p>\n<\/div>\n\n\n\n<div class=\"wp-block-toolset-blocks-grid-column tb-grid-column tb-grid-align-top\" data-toolset-blocks-grid-column=\"3034fbe886c11054e95b46b09d3e4112\"><div class=\"wp-block-image\">\n<figure class=\" tb-image tb-image-dynamic aligncenter\" data-toolset-blocks-image=\"7c1de0b40e57f3b1c9bcb23b4a310676\"><img decoding=\"async\" width=\"467\" height=\"475\" loading=\"lazy\" src=\"https:\/\/toolset.com\/wp-content\/uploads\/2021\/05\/integration-6.png\" alt=\"\" class=\"wp-image-2059853\" srcset=\"https:\/\/toolset.com\/wp-content\/uploads\/2021\/05\/integration-6.png 467w, https:\/\/toolset.com\/wp-content\/uploads\/2021\/05\/integration-6-295x300.png 295w, https:\/\/toolset.com\/wp-content\/uploads\/2021\/05\/integration-6-147x150.png 147w, https:\/\/toolset.com\/wp-content\/uploads\/2021\/05\/integration-6-300x305.png 300w\" sizes=\"auto, (max-width: 467px) 100vw, 467px\" \/><\/figure>\n<\/div><\/div>\n<\/div>\n\n<div class=\"wp-block-toolset-blocks-container tb-container alignfull\" data-toolset-blocks-container=\"2cf47a81172b4fe62ee9b16407ab822d\"><div class=\"tb-container-inner\">\n<div class=\"wp-block-toolset-blocks-container tb-container\" data-toolset-blocks-container=\"f1f6cf433548e794e350cca473324a7f\"><div class=\"tb-container-inner\"><div class=\"wp-block-image\">\n<figure class=\" tb-image tb-image-dynamic aligncenter\" data-toolset-blocks-image=\"ed072444b91b0de122527b57bc68ec11\"><img decoding=\"async\" loading=\"lazy\" src=\"https:\/\/toolset.com\/wp-content\/uploads\/2021\/05\/form.svg\" alt=\"\" class=\"wp-image-2061169\"\/><\/figure>\n<\/div>\n\n\n<h3 class=\"tb-heading has-text-color\" data-toolset-blocks-heading=\"d599b56c5fe381a93325e69ced672cff\" data-last-update=\"1.4\">Formulare zur Einsendung und Bearbeitung von Inhalten im Frontend<\/h3>\n\n\n\n<div class=\"tb-fields-and-text\" data-toolset-blocks-fields-and-text=\"22d529938ef1482d3b5824b14e573d0f\"><p style=\"text-align: center;\"><span style=\"font-weight: 400;\">Mit Toolsets Forms k\u00f6nnen Sie Formulare f\u00fcr Verzeichnisauflistungen und Mitglieder-Websites erstellen. Toolsets Formulare k\u00f6nnen Inhalte nicht nur erstellen, sondern erm\u00f6glichen auch deren Bearbeitung.<\/span><\/p><\/div>\n<\/div><\/div>\n\n\n\n<div class=\"wp-block-toolset-blocks-grid tb-grid\" data-toolset-blocks-grid=\"640665e229f38e7a0035c698de7ec24f\">\n<div class=\"wp-block-toolset-blocks-grid-column tb-grid-column tb-grid-align-center\" data-toolset-blocks-grid-column=\"f586ff7bfe1d7317c63162ec7b7039ed\">\n<h4 class=\"tb-heading\" data-toolset-blocks-heading=\"132e448efe639147f4f3ae9300c0c3b4\" data-last-update=\"1.4\">Formulare zur Einsendung von Inhalten<\/h4>\n\n\n\n<div class=\"tb-youtube\" data-toolset-blocks-youtube=\"6546903c294213fbda07697cd44c45df\"><div><iframe data-src=\"https:\/\/www.youtube.com\/embed\/Ex0zKPuZTn0?rel=0&#038;color=white&#038;toolset=1\" frameBorder=\"0\" allow=\"accelerometer; autoplay; encrypted-media; gyroscope; picture-in-picture\" allowfullscreen><\/iframe><\/div><\/div>\n<\/div>\n\n\n\n<div class=\"wp-block-toolset-blocks-grid-column tb-grid-column tb-grid-align-center\" data-toolset-blocks-grid-column=\"f586ff7bfe1d7317c63162ec7b7039ed\">\n<h4 class=\"tb-heading\" data-toolset-blocks-heading=\"132e448efe639147f4f3ae9300c0c3b4\" data-last-update=\"1.4\">Formulare zur Bearbeitung von Inhalten<\/h4>\n\n\n\n<div class=\"tb-youtube\" data-toolset-blocks-youtube=\"154bd9ba3cd508bcf2c461288c92219c\"><div><iframe data-src=\"https:\/\/www.youtube.com\/embed\/ngAQpDNW-g4?rel=0&#038;color=white&#038;toolset=1\" frameBorder=\"0\" allow=\"accelerometer; autoplay; encrypted-media; gyroscope; picture-in-picture\" allowfullscreen><\/iframe><\/div><\/div>\n<\/div>\n<\/div>\n<\/div><\/div>\n\n<div class=\"wp-block-toolset-blocks-grid tb-grid\" data-toolset-blocks-grid=\"f0856a3a5b40d3868e05290dd42f0013\">\n<div class=\"wp-block-toolset-blocks-grid-column tb-grid-column tb-grid-align-top\" data-toolset-blocks-grid-column=\"3034fbe886c11054e95b46b09d3e4112\">\n<figure class=\"wp-block-image tb-image tb-image-dynamic\" data-toolset-blocks-image=\"5439fd297256784c440e7057a878c7f6\"><img decoding=\"async\" loading=\"lazy\" src=\"https:\/\/toolset.com\/wp-content\/uploads\/2021\/01\/custom-post-type-3.png\"\/><\/figure>\n<\/div>\n\n\n\n<div class=\"wp-block-toolset-blocks-grid-column tb-grid-column tb-grid-align-center\" data-toolset-blocks-grid-column=\"f586ff7bfe1d7317c63162ec7b7039ed\">\n<h3 class=\"tb-heading\" data-toolset-blocks-heading=\"56b9c77d0805174327f355c1e962ee1a\" data-last-update=\"1.4\">Richten Sie benutzerdefinierte Typen, Felder und Taxonomie ein<\/h3>\n\n\n\n<p class=\"tb-heading\" data-toolset-blocks-heading=\"b09796d750527ad36b4e33acb19864d5\" data-last-update=\"1.4\">Es werden keine zus\u00e4tzlichen Plugins zur Erstellung von benutzerdefinierten Typen, Feldern und Taxonomien ben\u00f6tigt. Toolset enth\u00e4lt alles, das Sie zur Erstellung fortgeschrittener Websites auf Basis benutzerdefinierter Typen brauchen. <\/p>\n<\/div>\n<\/div>\n\n<div class=\"wp-block-toolset-blocks-container tb-container\" data-toolset-blocks-container=\"2e05c1316a16effef7e6f94be89dab5d\"><div class=\"tb-container-inner\">\n<h2 class=\"tb-heading has-text-color\" data-toolset-blocks-heading=\"2ab6144013b44ec2f0f0c9bcd3892063\" data-last-update=\"1.4\">Ein leistungsstarkes Design-Paket zu einem \u00fcberraschend g\u00fcnstigen Preis<\/h2>\n\n\n\n<div class=\"tb-fields-and-text\" data-toolset-blocks-fields-and-text=\"dd1d95c1aff5508f670e1e52c7137e6e\"><p style=\"text-align: center;\"><span style=\"font-weight: 400;\">Das komplette <\/span> <a class=\"white-link\" href=\"https:\/\/toolset.com\/de\/startseite-neu\/toolset-komponenten-2\/\"><span style=\"font-weight: 400;\">Toolset-Paket<\/span><\/a> <span style=\"font-weight: 400;\"> enth\u00e4lt alles, das Sie f\u00fcr die Erstellung fortgeschrittener WordPress-Websites ben\u00f6tigen, auf Basis von Gutenberg.<\/span><\/p><\/div>\n\n\n\n<div class=\"tb-button\" data-toolset-blocks-button=\"2029cd2cb4dc191a523b190f566b3fe2\"><a class=\"tb-button__link\" href=\"https:\/\/toolset.com\/buy\/\"><span class=\"tb-button__content\">Kaufen Sie Toolset<\/span><i class=\"tb-button__icon\"><\/i><\/a><\/div>\n\n\n\n<div class=\"tb-fields-and-text\" data-toolset-blocks-fields-and-text=\"b0e45c64aca5bde607e9632d96b10646\"><p style=\"text-align: center;\"><span style=\"font-weight: 400;\">Alles enthalten, ab 69 $<\/span><\/p><\/div>\n<\/div><\/div>\n","protected":false},"excerpt":{"rendered":"","protected":false},"author":53452,"featured_media":0,"parent":0,"menu_order":0,"comment_status":"closed","ping_status":"closed","template":"template-page-no-title.php","meta":{"_bbp_topic_count":0,"_bbp_reply_count":0,"_bbp_total_topic_count":0,"_bbp_total_reply_count":0,"_bbp_voice_count":0,"_bbp_anonymous_reply_count":0,"_bbp_topic_count_hidden":0,"_bbp_reply_count_hidden":0,"_bbp_forum_subforum_count":0,"ep_exclude_from_search":false,"footnotes":""},"documentation-category":[],"class_list":["post-2132127","page","type-page","status-publish","hentry"],"_links":{"self":[{"href":"https:\/\/toolset.com\/de\/wp-json\/wp\/v2\/pages\/2132127","targetHints":{"allow":["GET"]}}],"collection":[{"href":"https:\/\/toolset.com\/de\/wp-json\/wp\/v2\/pages"}],"about":[{"href":"https:\/\/toolset.com\/de\/wp-json\/wp\/v2\/types\/page"}],"author":[{"embeddable":true,"href":"https:\/\/toolset.com\/de\/wp-json\/wp\/v2\/users\/53452"}],"replies":[{"embeddable":true,"href":"https:\/\/toolset.com\/de\/wp-json\/wp\/v2\/comments?post=2132127"}],"version-history":[{"count":1,"href":"https:\/\/toolset.com\/de\/wp-json\/wp\/v2\/pages\/2132127\/revisions"}],"predecessor-version":[{"id":2132129,"href":"https:\/\/toolset.com\/de\/wp-json\/wp\/v2\/pages\/2132127\/revisions\/2132129"}],"wp:attachment":[{"href":"https:\/\/toolset.com\/de\/wp-json\/wp\/v2\/media?parent=2132127"}],"wp:term":[{"taxonomy":"documentation-category","embeddable":true,"href":"https:\/\/toolset.com\/de\/wp-json\/wp\/v2\/documentation-category?post=2132127"}],"curies":[{"name":"wp","href":"https:\/\/api.w.org\/{rel}","templated":true}]}}