{"id":2132107,"date":"2021-08-03T05:49:08","date_gmt":"2021-08-03T05:49:08","guid":{"rendered":"https:\/\/toolset.com\/shortcodes-in-gutenberg-dynamic-sources\/"},"modified":"2021-08-03T05:49:17","modified_gmt":"2021-08-03T05:49:17","slug":"shortcodes-in-gutenberg-dynamic-sources","status":"publish","type":"page","link":"https:\/\/toolset.com\/de\/shortcodes-in-gutenberg-dynamic-sources\/","title":{"rendered":"Shortcodes in Gutenberg \u2013 Dynamic Sources"},"content":{"rendered":"\n<div class=\"wp-block-toolset-blocks-container tb-container alignfull\" data-toolset-blocks-container=\"52295b69875cb53d5e54441b5cf9282f\"><div class=\"tb-container-inner\">\n<div class=\"wp-block-toolset-blocks-grid tb-grid\" data-toolset-blocks-grid=\"14c93161724ba3fc3b962f28162516de\">\n<div class=\"wp-block-toolset-blocks-grid-column tb-grid-column tb-grid-align-center\" data-toolset-blocks-grid-column=\"f586ff7bfe1d7317c63162ec7b7039ed\">\n<h1 class=\"tb-heading has-text-color\" data-toolset-blocks-heading=\"133eedfe3c15b7aa9dea680bb7f960b7\" data-last-update=\"1.4\">Shortcodes in Gutenberg \u2013 <span class=\"has-inline-color has-green-color\">Dynamic Sources<\/span><\/h1>\n\n\n\n<p class=\"tb-heading has-text-color\" data-toolset-blocks-heading=\"861a9040bc632853bc525c9766bd8781\" data-last-update=\"1.4\">Wenn Sie Felder in Gutenberg anzeigen m\u00fcssen, ist nun die Verwendung von Shortcodes nicht mehr n\u00f6tig. Benutzen Sie stattdessen Dynamic Sources in Seiten, Templates und Archiven.<\/p>\n\n\n\n<p class=\"tb-heading has-text-color\" data-toolset-blocks-heading=\"01b6c52f5111d1bfd46b41d81792474e\" data-last-update=\"1.4\">Jahrelang haben WordPress-Entwickler zur Anzeige dynamischer Elemente Shortcodes verwendet. Dynamic Sources bietet eine praktischere M\u00f6glichkeit zur Erstellung von Templates, Archiven und benutzerdefinierten Elementen. Nun m\u00fcssen Sie sich keine magischen Shortcodes mehr merken. W\u00e4hlen Sie stattdessen die Felder, die Sie anzeigen m\u00f6chten, und suchen Sie sich Gestaltungsoptionen aus.<\/p>\n\n\n\n<p><\/p>\n<\/div>\n\n\n\n<div class=\"wp-block-toolset-blocks-grid-column tb-grid-column tb-grid-align-top\" data-toolset-blocks-grid-column=\"3034fbe886c11054e95b46b09d3e4112\">\n<figure class=\"wp-block-image tb-image tb-image-dynamic\" data-toolset-blocks-image=\"e262523c109eeb93684bfcd28b275b75\"><img decoding=\"async\" width=\"685\" height=\"772\" loading=\"lazy\" src=\"https:\/\/toolset.com\/wp-content\/uploads\/2021\/05\/main-img-3-1.png\" alt=\"\" class=\"wp-image-2067919\" srcset=\"https:\/\/toolset.com\/wp-content\/uploads\/2021\/05\/main-img-3-1.png 685w, https:\/\/toolset.com\/wp-content\/uploads\/2021\/05\/main-img-3-1-266x300.png 266w, https:\/\/toolset.com\/wp-content\/uploads\/2021\/05\/main-img-3-1-133x150.png 133w, https:\/\/toolset.com\/wp-content\/uploads\/2021\/05\/main-img-3-1-461x520.png 461w, https:\/\/toolset.com\/wp-content\/uploads\/2021\/05\/main-img-3-1-300x338.png 300w\" sizes=\"auto, (max-width: 685px) 100vw, 685px\" \/><\/figure>\n<\/div>\n<\/div>\n<\/div><\/div>\n\n<div class=\"wp-block-toolset-blocks-container tb-container alignfull\" data-toolset-blocks-container=\"2628e836554ffca2e5600a8a122cb192\"><div class=\"tb-container-inner\">\n<div class=\"wp-block-toolset-blocks-grid tb-grid\" data-toolset-blocks-grid=\"f289a74f07b7111b7af9610906b4d055\">\n<div class=\"wp-block-toolset-blocks-grid-column tb-grid-column tb-grid-align-center\" data-toolset-blocks-grid-column=\"f586ff7bfe1d7317c63162ec7b7039ed\">\n<div class=\"tb-youtube\" data-toolset-blocks-youtube=\"a81624a5220a2ddaa2a5cb9b1e9bdb21\"><div><iframe data-src=\"https:\/\/www.youtube.com\/embed\/RvMYv-AsbWI?rel=0&#038;color=white&#038;toolset=1\" frameBorder=\"0\" allow=\"accelerometer; autoplay; encrypted-media; gyroscope; picture-in-picture\" allowfullscreen><\/iframe><\/div><\/div>\n<\/div>\n\n\n\n<div class=\"wp-block-toolset-blocks-grid-column tb-grid-column tb-grid-align-center\" data-toolset-blocks-grid-column=\"f586ff7bfe1d7317c63162ec7b7039ed\">\n<figure class=\"wp-block-image tb-image tb-image-dynamic\" data-toolset-blocks-image=\"85d6fe6c3b48abb8b3509eb4add71246\"><img decoding=\"async\" loading=\"lazy\" src=\"https:\/\/toolset.com\/wp-content\/uploads\/2021\/05\/inline-field-1.svg\" alt=\"\" class=\"wp-image-2067503\"\/><\/figure>\n\n\n\n<h3 class=\"tb-heading has-text-color\" data-toolset-blocks-heading=\"6e86c89c5903a097e912860eb00dfd11\" data-last-update=\"1.4\">Beispiel \u2013 Mietkosten in Templates<\/h3>\n\n\n\n<div class=\"tb-fields-and-text\" data-toolset-blocks-fields-and-text=\"22d529938ef1482d3b5824b14e573d0f\"><p><span style=\"font-weight: 400;\">Bei der Erstellung eines <\/span><a href=\"https:\/\/toolset.com\/course-lesson\/creating-templates-to-display-custom-posts\/\"><span style=\"font-weight: 400;\">Templates mit Gutenberg und Toolset<\/span><\/a> <span style=\"font-weight: 400;\"> verwenden Sie den Button <\/span> <b>Inline-Felder<\/b> <span style=\"font-weight: 400;\">um jedem gew\u00fcnschten Block benutzerdefinierte Felder hinzuzuf\u00fcgen.<\/span><\/p><\/div>\n<\/div>\n<\/div>\n<\/div><\/div>\n\n<div class=\"wp-block-toolset-blocks-container tb-container alignfull\" data-toolset-blocks-container=\"2cf47a81172b4fe62ee9b16407ab822d\"><div class=\"tb-container-inner\">\n<div class=\"wp-block-toolset-blocks-grid tb-grid\" data-toolset-blocks-grid=\"4a5e1de89d039578c667592191fdeaf6\">\n<div class=\"wp-block-toolset-blocks-grid-column tb-grid-column tb-grid-align-center\" data-toolset-blocks-grid-column=\"f586ff7bfe1d7317c63162ec7b7039ed\">\n<figure class=\"wp-block-image tb-image tb-image-dynamic\" data-toolset-blocks-image=\"198089b068e8258d158715807e4f015c\"><img decoding=\"async\" loading=\"lazy\" src=\"https:\/\/toolset.com\/wp-content\/uploads\/2021\/05\/field.svg\" alt=\"\" class=\"wp-image-2067513\"\/><\/figure>\n\n\n\n<h3 class=\"tb-heading has-text-color\" data-toolset-blocks-heading=\"6e86c89c5903a097e912860eb00dfd11\" data-last-update=\"1.4\">Beispiel \u2013 Anzeige eines benutzerdefinierten Feldes als Block<\/h3>\n\n\n\n<div class=\"tb-fields-and-text\" data-toolset-blocks-fields-and-text=\"22d529938ef1482d3b5824b14e573d0f\"><p><span style=\"font-weight: 400;\">Toolset f\u00fcgt jedem Block Dynamic Sources-Steuerungen hinzu. Sehen Sie, wie Sie ein Zitat anzeigen, das aus einem benutzerdefinierten Feld stammt.<\/span><\/p><\/div>\n<\/div>\n\n\n\n<div class=\"wp-block-toolset-blocks-grid-column tb-grid-column tb-grid-align-center\" data-toolset-blocks-grid-column=\"f586ff7bfe1d7317c63162ec7b7039ed\">\n<div class=\"tb-youtube\" data-toolset-blocks-youtube=\"4a22997936094e983a76f495f1483e57\"><div><iframe data-src=\"https:\/\/www.youtube.com\/embed\/os1XscM5vuM?rel=0&#038;color=white&#038;toolset=1\" frameBorder=\"0\" allow=\"accelerometer; autoplay; encrypted-media; gyroscope; picture-in-picture\" allowfullscreen><\/iframe><\/div><\/div>\n<\/div>\n<\/div>\n<\/div><\/div>\n\n<div class=\"wp-block-toolset-blocks-container tb-container alignfull\" data-toolset-blocks-container=\"2628e836554ffca2e5600a8a122cb192\"><div class=\"tb-container-inner\">\n<div class=\"wp-block-toolset-blocks-grid tb-grid\" data-toolset-blocks-grid=\"f289a74f07b7111b7af9610906b4d055\">\n<div class=\"wp-block-toolset-blocks-grid-column tb-grid-column tb-grid-align-center\" data-toolset-blocks-grid-column=\"f586ff7bfe1d7317c63162ec7b7039ed\">\n<div class=\"tb-youtube\" data-toolset-blocks-youtube=\"256f50f12a48f5f666d9d216d5d4d3cd\"><div><iframe data-src=\"https:\/\/www.youtube.com\/embed\/qtDFIdy2s4g?rel=0&#038;color=white&#038;toolset=1\" frameBorder=\"0\" allow=\"accelerometer; autoplay; encrypted-media; gyroscope; picture-in-picture\" allowfullscreen><\/iframe><\/div><\/div>\n<\/div>\n\n\n\n<div class=\"wp-block-toolset-blocks-grid-column tb-grid-column tb-grid-align-center\" data-toolset-blocks-grid-column=\"f586ff7bfe1d7317c63162ec7b7039ed\">\n<figure class=\"wp-block-image tb-image tb-image-dynamic\" data-toolset-blocks-image=\"6288687c254ef65c67708bd645e06f5c\"><img decoding=\"async\" loading=\"lazy\" src=\"https:\/\/toolset.com\/wp-content\/uploads\/2021\/05\/map.svg\" alt=\"\" class=\"wp-image-2061147\"\/><\/figure>\n\n\n\n<h3 class=\"tb-heading has-text-color\" data-toolset-blocks-heading=\"6e86c89c5903a097e912860eb00dfd11\" data-last-update=\"1.4\">Beispiel \u2013 Orte auf einer Karte<\/h3>\n\n\n\n<div class=\"tb-fields-and-text\" data-toolset-blocks-fields-and-text=\"22d529938ef1482d3b5824b14e573d0f\"><p><span style=\"font-weight: 400;\">Mit einer View k\u00f6nnen Sie jegliche Inhalte aus der Datenbank laden und auf jede gew\u00fcnschte Weise anzeigen. Sehen Sie, wie Sie eine View erhalten, die Standorte von Fitnessstudios l\u00e4dt und diese auf einer Google Map anzeigt.<\/span><\/p><\/div>\n<\/div>\n<\/div>\n<\/div><\/div>\n\n<div class=\"wp-block-toolset-blocks-container tb-container\" data-toolset-blocks-container=\"2e05c1316a16effef7e6f94be89dab5d\"><div class=\"tb-container-inner\">\n<h2 class=\"tb-heading has-text-color\" data-toolset-blocks-heading=\"2ab6144013b44ec2f0f0c9bcd3892063\" data-last-update=\"1.4\">Ein leistungsstarkes Design-Paket zu einem \u00fcberraschend g\u00fcnstigen Preis<\/h2>\n\n\n\n<div class=\"tb-fields-and-text\" data-toolset-blocks-fields-and-text=\"dd1d95c1aff5508f670e1e52c7137e6e\"><p style=\"text-align: center;\"><span style=\"font-weight: 400;\">Das komplette <\/span> <a class=\"white-link\" href=\"https:\/\/toolset.com\/de\/startseite-neu\/toolset-komponenten-2\/\"><span style=\"font-weight: 400;\">Toolset-Paket<\/span><\/a> <span style=\"font-weight: 400;\">enth\u00e4lt alles, das Sie f\u00fcr die Erstellung fortgeschrittener WordPress-Websites ben\u00f6tigen, auf Basis von Gutenberg.<\/span><\/p><\/div>\n\n\n\n<div class=\"tb-button\" data-toolset-blocks-button=\"2029cd2cb4dc191a523b190f566b3fe2\"><a class=\"tb-button__link\" href=\"https:\/\/toolset.com\/buy\/\"><span class=\"tb-button__content\">Kaufen Sie Toolset<\/span><i class=\"tb-button__icon\"><\/i><\/a><\/div>\n\n\n\n<div class=\"tb-fields-and-text\" data-toolset-blocks-fields-and-text=\"b0e45c64aca5bde607e9632d96b10646\"><p style=\"text-align: center;\"><span style=\"font-weight: 400;\">Alles enthalten, ab 69 $<\/span><\/p><\/div>\n<\/div><\/div>\n","protected":false},"excerpt":{"rendered":"","protected":false},"author":53452,"featured_media":0,"parent":0,"menu_order":0,"comment_status":"closed","ping_status":"closed","template":"template-page-no-title.php","meta":{"_bbp_topic_count":0,"_bbp_reply_count":0,"_bbp_total_topic_count":0,"_bbp_total_reply_count":0,"_bbp_voice_count":0,"_bbp_anonymous_reply_count":0,"_bbp_topic_count_hidden":0,"_bbp_reply_count_hidden":0,"_bbp_forum_subforum_count":0,"ep_exclude_from_search":false,"footnotes":""},"documentation-category":[],"class_list":["post-2132107","page","type-page","status-publish","hentry"],"_links":{"self":[{"href":"https:\/\/toolset.com\/de\/wp-json\/wp\/v2\/pages\/2132107","targetHints":{"allow":["GET"]}}],"collection":[{"href":"https:\/\/toolset.com\/de\/wp-json\/wp\/v2\/pages"}],"about":[{"href":"https:\/\/toolset.com\/de\/wp-json\/wp\/v2\/types\/page"}],"author":[{"embeddable":true,"href":"https:\/\/toolset.com\/de\/wp-json\/wp\/v2\/users\/53452"}],"replies":[{"embeddable":true,"href":"https:\/\/toolset.com\/de\/wp-json\/wp\/v2\/comments?post=2132107"}],"version-history":[{"count":1,"href":"https:\/\/toolset.com\/de\/wp-json\/wp\/v2\/pages\/2132107\/revisions"}],"predecessor-version":[{"id":2132111,"href":"https:\/\/toolset.com\/de\/wp-json\/wp\/v2\/pages\/2132107\/revisions\/2132111"}],"wp:attachment":[{"href":"https:\/\/toolset.com\/de\/wp-json\/wp\/v2\/media?parent=2132107"}],"wp:term":[{"taxonomy":"documentation-category","embeddable":true,"href":"https:\/\/toolset.com\/de\/wp-json\/wp\/v2\/documentation-category?post=2132107"}],"curies":[{"name":"wp","href":"https:\/\/api.w.org\/{rel}","templated":true}]}}