{"id":117669,"date":"2013-07-25T00:50:27","date_gmt":"2013-07-25T00:50:27","guid":{"rendered":"https:\/\/toolset.com\/start\/views-tour\/"},"modified":"2014-10-28T17:53:58","modified_gmt":"2014-10-28T17:53:58","slug":"views-tour","status":"publish","type":"page","link":"https:\/\/toolset.com\/de\/start\/views-tour\/","title":{"rendered":"Views-Tour"},"content":{"rendered":"<div class=\"views-tour\">\n<hgroup style=\"text-align: center; margin: 30px 0 60px 0;\">\n\t<h1 style=\"border-bottom: 1px solid #ededed; padding-bottom: 30px;\">\n Views ist ein Webseiten-Entwicklungstool, mit dem Sie WordPress-Inhalte anzeigen k\u00f6nnen, ohne zu programmieren.\n\t<\/h1>\n\t<div class=\"header\">\n\t\t<h2>\n Die M\u00f6glichkeiten mit <a href=\"https:\/\/toolset.com\/de\/startseite-neu\/views-erstellen-sie-elegante-ansichten-fur-ihren-inhalt\/\">Views<\/a> sind grenzenlos. Sehen Sie sich ein paar coole Dinge an, die Views kann!\n\t\t<\/h2>\n\t<\/div>\n\n<\/hgroup>\n\n\t<ul class=\"sites-list\">\n\n\t\t<li>\n\t\t\t<div class=\"img-wrap\">\n\t\t\t\t<div class=\"img\">\n\t\t\t\t\t<img decoding=\"async\" src=\"https:\/\/toolset.com\/wp-content\/uploads\/2013\/07\/views-tour-single-pages-back.jpg\" alt=\"Einzelseiten-Templates - Admin-Panel\">\n\t\t\t\t<\/div>\n<div class=\"img\">\n\t\t\t\t\t<img decoding=\"async\" src=\"https:\/\/toolset.com\/wp-content\/uploads\/2013\/07\/views-tour-single-pages-front.jpg\" alt=\"Einzelseiten-Templates - Frontend\">\n\t\t\t\t<\/div>\n\t\t\t<\/div>\n\t\t\t<div class=\"entry\">\n\t\t\t\t<div class=\"entry-inner\">\n\t\t\t\t\t<h3 class=\"entry-title\">\n <a href=\"\/?page_id=6136\">Entwerfen Sie Templates f\u00fcr Einzelseiten<\/a>\n\t\t\t\t\t<\/h3>\n\t\t\t\t\t<div class=\"entry-content\">\n\t\t\t\t\t\t<p><a href=\"https:\/\/toolset.com\/de\/startseite-neu\/views-erstellen-sie-elegante-ansichten-fur-ihren-inhalt\/\">Views<\/a> erm\u00f6glicht es Ihnen, mit dem WordPress-Editor Seiten-Templates zu erstellen. F\u00fcgen Sie Standard-Felder, benutzerdefinierte Felder und Taxonomie ein. Gestalten Sie dann alles ganz simpel mit HTML und CSS, genauso, als ob Sie Inhalte schreiben w\u00fcrden.<\/p>\n\t\t\t\t\t<\/div>\n\t\t\t\t<\/div>\n\t\t\t<\/div>\n\t\t<\/li>\n\n\t\t<li>\n\t\t\t<div class=\"img-wrap\">\n\t\t\t\t<div class=\"img\">\n\t\t\t\t\t<img decoding=\"async\" src=\"https:\/\/toolset.com\/wp-content\/uploads\/2013\/07\/views-tour-layouts-back.jpg\" alt=\" - Admin-Panel\">\n\t\t\t\t<\/div>\n<div class=\"img\">\n\t\t\t\t\t<img decoding=\"async\" src=\"https:\/\/toolset.com\/wp-content\/uploads\/2013\/07\/views-tour-layouts-front.jpg\" alt=\" - Frontend\">\n\t\t\t\t<\/div>\n\t\t\t<\/div>\n\t\t\t<div class=\"entry\">\n\t\t\t\t<div class=\"entry-inner\">\n\t\t\t\t\t<h3 class=\"entry-title\">\n <a href=\"\/?page_id=6428\">Zeigen Sie Inhalte in Gittern und Listen an<\/a>\n\t\t\t\t\t<\/h3>\n\t\t\t\t\t<div class=\"entry-content\">\n\t\t\t\t\t\t<p>\n <a href=\"https:\/\/toolset.com\/de\/startseite-neu\/views-erstellen-sie-elegante-ansichten-fur-ihren-inhalt\/\">Views <\/a>l\u00e4dt genau den Inhalt, den Sie brauchen, und l\u00e4sst Sie diesen mit Ihrem Design und Layout anzeigen. W\u00e4hlen Sie den Inhaltstyp, f\u00fcgen Sie Datenfilter hinzu und gestalten Sie die Ausgabe mit HTML.\n\t\t\t\t\t\t<\/p>\n\t\t\t\t\t<\/div>\n\t\t\t\t<\/div>\n\t\t\t<\/div>\n\t\t<\/li>\n\n\t\t<li>\n\t\t\t<div class=\"img-wrap\">\n\t\t\t\t<div class=\"img\">\n\t\t\t\t\t<img decoding=\"async\" src=\"https:\/\/toolset.com\/wp-content\/uploads\/2013\/07\/views-tour-filters-back.jpg\" alt=\"URL-Filter -  Admin-Panel\">\n\t\t\t\t<\/div>\n<div class=\"img\">\n\t\t\t\t\t<img decoding=\"async\" src=\"https:\/\/toolset.com\/wp-content\/uploads\/2013\/07\/views-tour-filters-front.jpg\" alt=\"URL-Filter - Frontend\">\n\t\t\t\t<\/div>\n\t\t\t<\/div>\n\t\t\t<div class=\"entry\">\n\t\t\t\t<div class=\"entry-inner\">\n\t\t\t\t\t<h3 class=\"entry-title\">\n <a href=\"\/?page_id=14974\">Erlauben Sie es Besuchern, Suchparameter zu verwenden<\/a>\n\t\t\t\t\t<\/h3>\n\t\t\t\t\t<div class=\"entry-content\">\n\t\t\t\t\t\t<p>\n Lassen Sie Benutzer mit Hilfe von <a href=\"https:\/\/toolset.com\/de\/startseite-neu\/views-erstellen-sie-elegante-ansichten-fur-ihren-inhalt\/\">Views<\/a> Frontend-Filtern genau ausw\u00e4hlen, welche Inhalte angezeigt werden sollen. Sie k\u00f6nnen erweiterte Filter f\u00fcr Kleinanzeigen-, Immobilien-Seiten und alles andere erstellen.\n\t\t\t\t\t\t<\/p>\n\t\t\t\t\t<\/div>\n\t\t\t\t<\/div>\n\t\t\t<\/div>\n\t\t<\/li>\n\n\t\t<li>\n\t\t\t<div class=\"img-wrap\">\n\t\t\t\t<div class=\"img\">\n\t\t\t\t\t<img decoding=\"async\" src=\"https:\/\/toolset.com\/wp-content\/uploads\/2013\/07\/views-tour-sliders-back.jpg\" alt=\"Slider -  Admin-Panel\">\n\t\t\t\t<\/div>\n<div class=\"img\">\n\t\t\t\t\t<img decoding=\"async\" src=\"https:\/\/toolset.com\/wp-content\/uploads\/2013\/07\/views-tour-sliders-front.jpg\" alt=\"Slider - Frontend\">\n\t\t\t\t<\/div>\n\t\t\t<\/div>\n\t\t\t<div class=\"entry\">\n\t\t\t\t<div class=\"entry-inner\">\n\t\t\t\t\t<h3 class=\"entry-title\">\n <a href=\"\/?page_id=12097\">Erstellen Sie benutzerdefinierte Slider aus beliebigen Inhalten<\/a>\n\t\t\t\t\t<\/h3>\n\t\t\t\t\t<div class=\"entry-content\">\n\t\t\t\t\t\t<p>\n Sie k\u00f6nnen Slider aus Seiten, Beitr\u00e4gen oder beliebigen, benutzerdefinierten Inhaltstypen erstellen. Entwerfen Sie mit HTML-Templates ganz einfach Slides, sodass diese enthalten, was Sie m\u00f6chten, und so aussehen, wie Sie m\u00f6chten.\n\t\t\t\t\t\t<\/p>\n\t\t\t\t\t<\/div>\n\t\t\t\t<\/div>\n\t\t\t<\/div>\n\t\t<\/li>\n\n\t\t<li>\n\t\t\t<div class=\"img-wrap\">\n\t\t\t\t<div class=\"img\">\n\t\t\t\t\t<img decoding=\"async\" src=\"https:\/\/toolset.com\/wp-content\/uploads\/2013\/07\/views-tour-pagination-enabled-back.jpg\" alt=\"Paginierung - Admin-Panel\">\n\t\t\t\t<\/div>\n<div class=\"img\">\n\t\t\t\t\t<img decoding=\"async\" src=\"https:\/\/toolset.com\/wp-content\/uploads\/2013\/07\/views-tour-pagination-front.jpg\" alt=\"Paginierung - Frontend\">\n\t\t\t\t<\/div>\n\t\t\t<\/div>\n\t\t\t<div class=\"entry\">\n\t\t\t\t<div class=\"entry-inner\">\n\t\t\t\t\t<h3 class=\"entry-title\">\n <a href=\"\/?page_id=32329\">Paginieren gro\u00dfer Datenmengen<\/a>\n\t\t\t\t\t<\/h3>\n\t\t\t\t\t<div class=\"entry-content\">\n\t\t\t\t\t\t<p>\n Wenn Sie mit Views Inhalte anzeigen, k\u00f6nnen Sie ganz leicht Paginierung aktivieren und gro\u00dfe Datenmengen auf mehrere Seiten verteilen.  Sie k\u00f6nnen paginierte Listen f\u00fcr alles anzeigen &#8211; auf jede gew\u00fcnschte Art.\n\t\t\t\t\t\t<\/p>\n\t\t\t\t\t<\/div>\n\t\t\t\t<\/div>\n\t\t\t<\/div>\n\t\t<\/li>\n\n\t\t<li>\n\t\t\t<div class=\"img-wrap\">\n\t\t\t\t<div class=\"img\">\n\t\t\t\t\t<img decoding=\"async\" src=\"https:\/\/toolset.com\/wp-content\/uploads\/2013\/07\/views-tour-relationship-back.jpg\" alt=\"Beitragsbeziehung - Admin-Panel\">\n\t\t\t\t<\/div>\n<div class=\"img\">\n\t\t\t\t\t<img decoding=\"async\" src=\"https:\/\/toolset.com\/wp-content\/uploads\/2013\/07\/views-tour-relationship-front.jpg\" alt=\"Beitrags-Beziehung - Frontend\">\n\t\t\t\t<\/div>\n\t\t\t<\/div>\n\t\t\t<div class=\"entry\">\n\t\t\t\t<div class=\"entry-inner\">\n\t\t\t\t\t<h3 class=\"entry-title\">\n <a href=\"\/?page_id=32331\">Zeige Sie relationale Daten an<\/a>\n\t\t\t\t\t<\/h3>\n\t\t\t\t\t<div class=\"entry-content\">\n\t\t\t\t\t\t<p>\n Oftmals ist es einfacher, Daten mit einer \u00fcbergeordnet-\/untergeordnet-Beziehung anzuzeigen. <a href=\"https:\/\/toolset.com\/de\/startseite-neu\/views-erstellen-sie-elegante-ansichten-fur-ihren-inhalt\/\">Views<\/a> macht die Anzeige relationaler Daten simpel.\n\t\t\t\t\t\t<\/p>\n\t\t\t\t\t<\/div>\n\t\t\t\t<\/div>\n\t\t\t<\/div>\n\t\t<\/li>\n\n\t\t<li>\n\t\t\t<div class=\"img-wrap\">\n\t\t\t\t<div class=\"img\">\n\t\t\t\t\t<img decoding=\"async\" src=\"https:\/\/toolset.com\/wp-content\/uploads\/2013\/07\/views-tour-wpml-back.jpg\" alt=\"Mehrsprachiger Inhalt - Admin-Panel\">\n\t\t\t\t<\/div>\n<div class=\"img\">\n\t\t\t\t\t<img decoding=\"async\" src=\"https:\/\/toolset.com\/wp-content\/uploads\/2013\/07\/views-tour-wpml-front.jpg\" alt=\"Mehrsprachiger Inhalt - Frontend\">\n\t\t\t\t<\/div>\n\t\t\t<\/div>\n\t\t\t<div class=\"entry\">\n\t\t\t\t<div class=\"entry-inner\">\n\t\t\t\t\t<h3 class=\"entry-title\">\n <a href=\"\/?page_id=28810\">Alles mehrsprachig<\/a>\n\t\t\t\t\t<\/h3>\n\t\t\t\t\t<div class=\"entry-content\">\n\t\t\t\t\t\t<p>\n <a href=\"https:\/\/toolset.com\/de\/startseite-neu\/views-erstellen-sie-elegante-ansichten-fur-ihren-inhalt\/\">Views<\/a> kommt vom gleichen Unternehmen, das auch WPML erstellt &#8211; das WordPress-Mehrsprachen-Plugin. Alles, das Sie mit Views erstellen, ist von vornherein mehrsprachenf\u00e4hig. Machen Sie sich nie wieder Sorgen um die \u00dcbersetzung Ihrer Seiten.\n\t\t\t\t\t\t<\/p>\n\t\t\t\t\t<\/div>\n\t\t\t\t<\/div>\n\t\t\t<\/div>\n\t\t<\/li>\n\n\n\t<\/ul>\n\n<div class=\"buy-views\">\n<h3 class=\"h4\">Wenn Sie gern Webseiten mit WordPress erstellen, werden Sie <a href=\"https:\/\/toolset.com\/de\/startseite-neu\/views-erstellen-sie-elegante-ansichten-fur-ihren-inhalt\/\">Views<\/a> lieben. Genie\u00dfen Sie die M\u00f6glichkeiten eines komplett benutzerdefinierten Designs, ohne den Aufwand, alles von Null auf programmieren zu m\u00fcssen.<\/h3>\n<p><a href=\"https:\/\/toolset.com\/de\/gleich-kaufen\/?add-to-cart=38995&#038;buy_now=1\" class=\"action-button\">Kaufen Sie Views<\/a><\/p>\n<\/div>\n\n<\/div>\n","protected":false},"excerpt":{"rendered":"<p>Views ist ein Webseiten-Entwicklungstool, mit dem Sie WordPress-Inhalte anzeigen k\u00f6nnen, ohne zu programmieren. Die M\u00f6glichkeiten mit Views sind grenzenlos. Sehen Sie sich ein paar coole Dinge an, die Views kann! Entwerfen Sie Templates f\u00fcr Einzelseiten Views erm\u00f6glicht es Ihnen, mit dem WordPress-Editor Seiten-Templates zu erstellen. F\u00fcgen Sie Standard-Felder, benutzerdefinierte Felder und Taxonomie ein. Gestalten Sie [&hellip;]<\/p>\n","protected":false},"author":5464,"featured_media":0,"parent":4128,"menu_order":0,"comment_status":"closed","ping_status":"closed","template":"page-layouts.php","meta":{"_bbp_topic_count":0,"_bbp_reply_count":0,"_bbp_total_topic_count":0,"_bbp_total_reply_count":0,"_bbp_voice_count":0,"_bbp_anonymous_reply_count":0,"_bbp_topic_count_hidden":0,"_bbp_reply_count_hidden":0,"_bbp_forum_subforum_count":0,"ep_exclude_from_search":false,"footnotes":""},"documentation-category":[],"class_list":["post-117669","page","type-page","status-publish","hentry"],"_links":{"self":[{"href":"https:\/\/toolset.com\/de\/wp-json\/wp\/v2\/pages\/117669","targetHints":{"allow":["GET"]}}],"collection":[{"href":"https:\/\/toolset.com\/de\/wp-json\/wp\/v2\/pages"}],"about":[{"href":"https:\/\/toolset.com\/de\/wp-json\/wp\/v2\/types\/page"}],"author":[{"embeddable":true,"href":"https:\/\/toolset.com\/de\/wp-json\/wp\/v2\/users\/5464"}],"replies":[{"embeddable":true,"href":"https:\/\/toolset.com\/de\/wp-json\/wp\/v2\/comments?post=117669"}],"version-history":[{"count":1,"href":"https:\/\/toolset.com\/de\/wp-json\/wp\/v2\/pages\/117669\/revisions"}],"predecessor-version":[{"id":257913,"href":"https:\/\/toolset.com\/de\/wp-json\/wp\/v2\/pages\/117669\/revisions\/257913"}],"up":[{"embeddable":true,"href":"https:\/\/toolset.com\/de\/wp-json\/wp\/v2\/pages\/4128"}],"wp:attachment":[{"href":"https:\/\/toolset.com\/de\/wp-json\/wp\/v2\/media?parent=117669"}],"wp:term":[{"taxonomy":"documentation-category","embeddable":true,"href":"https:\/\/toolset.com\/de\/wp-json\/wp\/v2\/documentation-category?post=117669"}],"curies":[{"name":"wp","href":"https:\/\/api.w.org\/{rel}","templated":true}]}}