{"id":1150689,"date":"2018-11-21T15:05:08","date_gmt":"2018-11-21T15:05:08","guid":{"rendered":"https:\/\/toolset.com\/start\/types\/"},"modified":"2020-06-24T05:32:46","modified_gmt":"2020-06-24T05:32:46","slug":"types","status":"publish","type":"page","link":"https:\/\/toolset.com\/de\/startseite-neu\/types\/","title":{"rendered":"Types"},"content":{"rendered":"<div class=\"wp-block-toolset-blocks-container tb-container alignfull\" data-toolset-blocks-container=\"b4ffebddef65c55b453028953d7d3647\"> <div class=\"wp-block-toolset-blocks-container tb-container alignfull\" data-toolset-blocks-container=\"6b4e3fd1ccb0b693abcce02601326d2f\"><div class=\"tb-container-inner\"> <div class=\"wp-block-toolset-blocks-grid tb-grid\" data-toolset-blocks-grid=\"1af5993f41297a6b74ecf781c7be715c\"> <div class=\"wp-block-toolset-blocks-grid-column tb-grid-column tb-grid-align-center tb-align-top\" data-toolset-blocks-grid-column=\"6c99d90d0bfe30cabf9a62185486ee3c\"> <h1 class=\"tb-heading\" data-toolset-blocks-heading=\"7b44d6216ea44b01b1065954e26e3675\"><strong>Toolset Types \u2013 Benutzerdefinierte Beitragstypen, Felder und Taxonomie<\/strong><\/h1> <div class=\"tb-fields-and-text\" data-toolset-blocks-fields-and-text=\"57413f427e9d81f5ed043abb9e0c3881\"> <p>Types ist eine Komplett-L\u00f6sung zur Verwaltung benutzerdefinierter Inhalte in WordPress. Es erm\u00f6glicht es Ihnen, benutzerdefinierte Beitragstypen, benutzerdefinierte Taxonomie und benutzerdefinierte Felder zu definieren.<\/p> <\/div> <div class=\"wp-block-toolset-blocks-container tb-container\" data-toolset-blocks-container=\"deaf6d2641f0a59e94ad0a06620df26f\"> <div class=\"wp-block-toolset-blocks-grid tb-grid\" data-toolset-blocks-grid=\"945215e30cd9079af759e7681f8506f9\"> <div class=\"wp-block-toolset-blocks-grid-column tb-grid-column tb-grid-align-top\" data-toolset-blocks-grid-column=\"3034fbe886c11054e95b46b09d3e4112\"><div class=\"tb-fields-and-text\" data-toolset-blocks-fields-and-text=\"7f55dc5340ed9d390effba94928149e6\"> <p><span style=\"font-weight: 400;\">Kein HTML, kein CSS, kein JavaScript und kein PHP n\u00f6tig!<\/span><\/p> <\/div> <\/div> <div class=\"wp-block-toolset-blocks-grid-column tb-grid-column tb-grid-align-top\" data-toolset-blocks-grid-column=\"3034fbe886c11054e95b46b09d3e4112\"> <figure class=\"wp-block-image tb-image tb-image-media\" data-toolset-blocks-image=\"58d16bc320b0a7ca4b93496477b04b1a\"><img decoding=\"async\" loading=\"lazy\" src=\"https:\/\/toolset.com\/wp-content\/uploads\/2020\/03\/no-coding.svg\" alt=\"\" class=\"wp-image-1545659\"\/><\/figure> <\/div> <\/div> <\/div> <\/div> <div class=\"wp-block-toolset-blocks-grid-column tb-grid-column tb-grid-align-center tb-align-top\" data-toolset-blocks-grid-column=\"2eef7cf1cb64eeb51b891178b32d49fd\"> <figure class=\"wp-block-image tb-image tb-image-media\" data-toolset-blocks-image=\"e7e27b886474a417cd069dacd3467358\"><img decoding=\"async\" width=\"1600\" height=\"1466\" loading=\"lazy\" src=\"https:\/\/toolset.com\/wp-content\/uploads\/2020\/06\/types-1.png\" alt=\"\" class=\"wp-image-1663361\" srcset=\"https:\/\/toolset.com\/wp-content\/uploads\/2020\/06\/types-1.png 1600w, https:\/\/toolset.com\/wp-content\/uploads\/2020\/06\/types-1-300x275.png 300w, https:\/\/toolset.com\/wp-content\/uploads\/2020\/06\/types-1-1024x938.png 1024w, https:\/\/toolset.com\/wp-content\/uploads\/2020\/06\/types-1-150x137.png 150w, https:\/\/toolset.com\/wp-content\/uploads\/2020\/06\/types-1-768x704.png 768w, https:\/\/toolset.com\/wp-content\/uploads\/2020\/06\/types-1-1536x1407.png 1536w, https:\/\/toolset.com\/wp-content\/uploads\/2020\/06\/types-1-568x520.png 568w\" sizes=\"auto, (max-width: 1600px) 100vw, 1600px\" \/><\/figure> <\/div> <\/div> <\/div><\/div> <\/div> <div class=\"wp-block-toolset-blocks-container tb-container alignfull\" data-toolset-blocks-container=\"8d871ddf8b8628b328d67474c49e45b8\"><div class=\"tb-container-inner\"> <div class=\"wp-block-toolset-blocks-grid tb-grid\" data-toolset-blocks-grid=\"c0ca86f70d7239d5bbc4d8c0a7dcc828\"> <div class=\"wp-block-toolset-blocks-grid-column tb-grid-column tb-grid-align-center tb-align-top\" data-toolset-blocks-grid-column=\"6c99d90d0bfe30cabf9a62185486ee3c\"><div class=\"wp-block-image\"> <figure class=\" tb-image tb-image-url aligncenter\" data-toolset-blocks-image=\"6fd0170fc8c8cb05357290cd2cf0e0b3\"><img decoding=\"async\" loading=\"lazy\" src=\"https:\/\/toolset.com\/wp-content\/uploads\/2020\/05\/CPT-1.png\"\/><\/figure> <\/div><\/div> <div class=\"wp-block-toolset-blocks-grid-column tb-grid-column tb-grid-align-center tb-align-top\" data-toolset-blocks-grid-column=\"6c99d90d0bfe30cabf9a62185486ee3c\"> <div class=\"wp-block-toolset-blocks-container tb-container\" data-toolset-blocks-container=\"11d7377a43bd780b50b042f35b3fb975\"> <figure class=\"wp-block-image tb-image tb-image-media\" data-toolset-blocks-image=\"d1dfaae5bcf0422252302aeaba9ceaa7\"><img decoding=\"async\" loading=\"lazy\" src=\"https:\/\/toolset.com\/wp-content\/uploads\/2020\/03\/no-coding.svg\" alt=\"\" class=\"wp-image-1545659\"\/><\/figure> <h3 class=\"tb-heading\" data-toolset-blocks-heading=\"0f352e697adb8f1a3241ca4ef6113564\">Erstellen Sie benutzerdefinierte Beitr\u00e4ge, Felder und Taxonomie<\/h3> <div class=\"tb-fields-and-text\" data-toolset-blocks-fields-and-text=\"6088439d9df1bb352cf469db67308436\"> <p>Wenn Sie mehr als nur Seiten und Beitr\u00e4ge brauchen, ist Types die Antwort. Mit Types k\u00f6nnen Sie Ihre eigenen Inhaltstypen erstellen, die reich an benutzerdefinierten Feldern und nach Ihren Kategorien geordnet sind.<\/p> <\/div> <\/div> <\/div> <\/div> <div class=\"wp-block-toolset-blocks-container tb-container\" data-toolset-blocks-container=\"39f9ffd729940b5567a921bd0062e768\"><\/div> <\/div><\/div> <div class=\"wp-block-toolset-blocks-container tb-container alignfull\" data-toolset-blocks-container=\"a2fad2cf07f2c1036d70b6c1f30bb734\"><div class=\"tb-container-inner\"> <div class=\"wp-block-toolset-blocks-grid tb-grid\" data-toolset-blocks-grid=\"b311a177d830f0795342f261d446f15a\"> <div class=\"wp-block-toolset-blocks-grid-column tb-grid-column tb-grid-align-center tb-align-top\" data-toolset-blocks-grid-column=\"6c99d90d0bfe30cabf9a62185486ee3c\"> <div class=\"wp-block-toolset-blocks-container tb-container\" data-toolset-blocks-container=\"11d7377a43bd780b50b042f35b3fb975\"> <figure class=\"wp-block-image tb-image tb-image-media\" data-toolset-blocks-image=\"d1dfaae5bcf0422252302aeaba9ceaa7\"><img decoding=\"async\" loading=\"lazy\" src=\"https:\/\/toolset.com\/wp-content\/uploads\/2020\/03\/no-coding.svg\" alt=\"\" class=\"wp-image-1545659\"\/><\/figure> <h3 class=\"tb-heading\" data-toolset-blocks-heading=\"5b6be45b9811d6366e9bd0a3e0ed20d3\">Einrichtung von Wiederholfeldgruppen<\/h3> <div class=\"tb-fields-and-text\" data-toolset-blocks-fields-and-text=\"6088439d9df1bb352cf469db67308436\"> <p style=\"text-align: left;\"><span>Manchmal ist ein Einzelfeld nicht genug und Sie m\u00fcssen komplexere Strukturen schaffen. Mit Types k\u00f6nnen Sie jede Feldgruppe zur Wiederholfeldgruppe machen und so Datenmatrizen schaffen.<\/span><\/p> <\/div> <\/div> <\/div> <div class=\"wp-block-toolset-blocks-grid-column tb-grid-column tb-grid-align-center tb-align-top\" data-toolset-blocks-grid-column=\"6c99d90d0bfe30cabf9a62185486ee3c\"> <figure class=\"wp-block-image tb-image tb-image-media\" data-toolset-blocks-image=\"15f5b126157f1a185cdf8589dd61b1f0\"><img decoding=\"async\" width=\"1000\" height=\"743\" loading=\"lazy\" src=\"https:\/\/toolset.com\/wp-content\/uploads\/2020\/06\/repeating-field-groups.png\" alt=\"\" class=\"wp-image-1669721\" srcset=\"https:\/\/toolset.com\/wp-content\/uploads\/2020\/06\/repeating-field-groups.png 1000w, https:\/\/toolset.com\/wp-content\/uploads\/2020\/06\/repeating-field-groups-300x223.png 300w, https:\/\/toolset.com\/wp-content\/uploads\/2020\/06\/repeating-field-groups-150x111.png 150w, https:\/\/toolset.com\/wp-content\/uploads\/2020\/06\/repeating-field-groups-768x571.png 768w, https:\/\/toolset.com\/wp-content\/uploads\/2020\/06\/repeating-field-groups-700x520.png 700w\" sizes=\"auto, (max-width: 1000px) 100vw, 1000px\" \/><\/figure> <\/div> <\/div> <div class=\"wp-block-toolset-blocks-container tb-container\" data-toolset-blocks-container=\"39f9ffd729940b5567a921bd0062e768\"><\/div> <\/div><\/div> <div class=\"wp-block-toolset-blocks-container tb-container alignfull\" data-toolset-blocks-container=\"8d871ddf8b8628b328d67474c49e45b8\"><div class=\"tb-container-inner\"> <div class=\"wp-block-toolset-blocks-grid tb-grid\" data-toolset-blocks-grid=\"c0ca86f70d7239d5bbc4d8c0a7dcc828\"> <div class=\"wp-block-toolset-blocks-grid-column tb-grid-column tb-grid-align-center tb-align-top\" data-toolset-blocks-grid-column=\"6c99d90d0bfe30cabf9a62185486ee3c\"><div class=\"wp-block-image\"> <figure class=\" tb-image tb-image-media aligncenter\" data-toolset-blocks-image=\"f446731be74f6e18edc2e1ad5f35b38a\"><img decoding=\"async\" width=\"1000\" height=\"743\" loading=\"lazy\" src=\"https:\/\/toolset.com\/wp-content\/uploads\/2020\/06\/Relationship.png\" alt=\"\" class=\"wp-image-1663185\" srcset=\"https:\/\/toolset.com\/wp-content\/uploads\/2020\/06\/Relationship.png 1000w, https:\/\/toolset.com\/wp-content\/uploads\/2020\/06\/Relationship-300x223.png 300w, https:\/\/toolset.com\/wp-content\/uploads\/2020\/06\/Relationship-150x111.png 150w, https:\/\/toolset.com\/wp-content\/uploads\/2020\/06\/Relationship-768x571.png 768w, https:\/\/toolset.com\/wp-content\/uploads\/2020\/06\/Relationship-700x520.png 700w\" sizes=\"auto, (max-width: 1000px) 100vw, 1000px\" \/><\/figure> <\/div><\/div> <div class=\"wp-block-toolset-blocks-grid-column tb-grid-column tb-grid-align-center tb-align-top\" data-toolset-blocks-grid-column=\"6c99d90d0bfe30cabf9a62185486ee3c\"> <div class=\"wp-block-toolset-blocks-container tb-container\" data-toolset-blocks-container=\"11d7377a43bd780b50b042f35b3fb975\"> <figure class=\"wp-block-image tb-image tb-image-media\" data-toolset-blocks-image=\"d1dfaae5bcf0422252302aeaba9ceaa7\"><img decoding=\"async\" loading=\"lazy\" src=\"https:\/\/toolset.com\/wp-content\/uploads\/2020\/03\/no-coding.svg\" alt=\"\" class=\"wp-image-1545659\"\/><\/figure> <h3 class=\"tb-heading\" data-toolset-blocks-heading=\"0f352e697adb8f1a3241ca4ef6113564\">Verbinden Sie verschiedene Beitragstypen miteinander<\/h3> <div class=\"tb-fields-and-text\" data-toolset-blocks-fields-and-text=\"6088439d9df1bb352cf469db67308436\"> <p><span>Types erm\u00f6glicht es Ihnen, \u00fcbergeordnet\/untergeordnet-Beziehungen festzulegen, ebenso wie viele-zu-viele-Beziehungen zwischen verschiedenen Beitragstypen.<\/span><\/p> <\/div> <\/div> <\/div> <\/div> <div class=\"wp-block-toolset-blocks-container tb-container\" data-toolset-blocks-container=\"39f9ffd729940b5567a921bd0062e768\"><\/div> <\/div><\/div> <div class=\"wp-block-toolset-blocks-container tb-container alignfull\" data-toolset-blocks-container=\"a2fad2cf07f2c1036d70b6c1f30bb734\"><div class=\"tb-container-inner\"> <div class=\"wp-block-toolset-blocks-grid tb-grid\" data-toolset-blocks-grid=\"b311a177d830f0795342f261d446f15a\"> <div class=\"wp-block-toolset-blocks-grid-column tb-grid-column tb-grid-align-center tb-align-top\" data-toolset-blocks-grid-column=\"6c99d90d0bfe30cabf9a62185486ee3c\"> <div class=\"wp-block-toolset-blocks-container tb-container\" data-toolset-blocks-container=\"11d7377a43bd780b50b042f35b3fb975\"> <figure class=\"wp-block-image tb-image tb-image-media\" data-toolset-blocks-image=\"d1dfaae5bcf0422252302aeaba9ceaa7\"><img decoding=\"async\" loading=\"lazy\" src=\"https:\/\/toolset.com\/wp-content\/uploads\/2020\/03\/no-coding.svg\" alt=\"\" class=\"wp-image-1545659\"\/><\/figure> <h3 class=\"tb-heading\" data-toolset-blocks-heading=\"6bb756fef87b5a28186c94c73b4df895\">Integrierte Eingabevalidierung<\/h3> <div class=\"tb-fields-and-text\" data-toolset-blocks-fields-and-text=\"6088439d9df1bb352cf469db67308436\"> <p><span>Types hilft Ihnen sicherzustellen, dass die Inhalte, die Benutzer eingeben, vollst\u00e4ndig und korrekt sind. Sie k\u00f6nnen ausw\u00e4hlen, welche Felder Pflichtfelder sind. Au\u00dferdem pr\u00fcft Types automatisch, dass die Benutzer in Nicht-Textfelder nur g\u00fcltige Daten eingeben.<\/span><\/p> <\/div> <\/div> <\/div> <div class=\"wp-block-toolset-blocks-grid-column tb-grid-column tb-grid-align-center tb-align-top\" data-toolset-blocks-grid-column=\"6c99d90d0bfe30cabf9a62185486ee3c\"><div class=\"wp-block-image\"> <figure class=\" tb-image tb-image-media aligncenter\" data-toolset-blocks-image=\"d888265998097a1f42cbff2f8d793989\"><img decoding=\"async\" width=\"1000\" height=\"743\" loading=\"lazy\" src=\"https:\/\/toolset.com\/wp-content\/uploads\/2020\/06\/validation-2.png\" alt=\"\" class=\"wp-image-1669659\" srcset=\"https:\/\/toolset.com\/wp-content\/uploads\/2020\/06\/validation-2.png 1000w, https:\/\/toolset.com\/wp-content\/uploads\/2020\/06\/validation-2-300x223.png 300w, https:\/\/toolset.com\/wp-content\/uploads\/2020\/06\/validation-2-150x111.png 150w, https:\/\/toolset.com\/wp-content\/uploads\/2020\/06\/validation-2-768x571.png 768w, https:\/\/toolset.com\/wp-content\/uploads\/2020\/06\/validation-2-700x520.png 700w\" sizes=\"auto, (max-width: 1000px) 100vw, 1000px\" \/><\/figure> <\/div><\/div> <\/div> <div class=\"wp-block-toolset-blocks-container tb-container\" data-toolset-blocks-container=\"39f9ffd729940b5567a921bd0062e768\"><\/div> <\/div><\/div> <div class=\"wp-block-toolset-blocks-container tb-container alignfull\" data-toolset-blocks-container=\"8d871ddf8b8628b328d67474c49e45b8\"><div class=\"tb-container-inner\"> <div class=\"wp-block-toolset-blocks-grid tb-grid\" data-toolset-blocks-grid=\"c0ca86f70d7239d5bbc4d8c0a7dcc828\"> <div class=\"wp-block-toolset-blocks-grid-column tb-grid-column tb-grid-align-center tb-align-top\" data-toolset-blocks-grid-column=\"6c99d90d0bfe30cabf9a62185486ee3c\"> <figure class=\"wp-block-image tb-image tb-image-url\" data-toolset-blocks-image=\"0406575cf94fed1c6524dcaf580c420c\"><img decoding=\"async\" loading=\"lazy\" src=\"https:\/\/toolset.com\/wp-content\/uploads\/2020\/03\/tt.png\"\/><\/figure> <\/div> <div class=\"wp-block-toolset-blocks-grid-column tb-grid-column tb-grid-align-center tb-align-top\" data-toolset-blocks-grid-column=\"6c99d90d0bfe30cabf9a62185486ee3c\"> <div class=\"wp-block-toolset-blocks-container tb-container\" data-toolset-blocks-container=\"11d7377a43bd780b50b042f35b3fb975\"> <figure class=\"wp-block-image tb-image tb-image-media\" data-toolset-blocks-image=\"d1dfaae5bcf0422252302aeaba9ceaa7\"><img decoding=\"async\" loading=\"lazy\" src=\"https:\/\/toolset.com\/wp-content\/uploads\/2020\/03\/no-coding.svg\" alt=\"\" class=\"wp-image-1545659\"\/><\/figure> <h3 class=\"tb-heading\" data-toolset-blocks-heading=\"0f352e697adb8f1a3241ca4ef6113564\">Einfache Anzeige im Frontend der Website<\/h3> <div class=\"tb-fields-and-text\" data-toolset-blocks-fields-and-text=\"6088439d9df1bb352cf469db67308436\"> <p><span>Zusammen mit den \u00fcbrigen Toolset-Plugins macht Types die Anzeige von Inhalten im Frontend einfach. Sie k\u00f6nnen Templates, Archive und Listen mit <\/span><strong>Toolset Blocks<\/strong> <span>und Frontend-Formulare mit<\/span> <a href=\"https:\/\/toolset.com\/de\/startseite-neu\/cred-frontend-wordpress-inhaltseditor\/\">Toolset Forms<\/a> gestalten <span>.<\/span><\/p> <\/div> <\/div> <\/div> <\/div> <div class=\"wp-block-toolset-blocks-container tb-container\" data-toolset-blocks-container=\"39f9ffd729940b5567a921bd0062e768\"><\/div> <\/div><\/div> <div class=\"wp-block-toolset-blocks-container tb-container\" data-toolset-blocks-container=\"5e95d57dc8887c69cf230b9c0c2d7d84\"> <h2 class=\"tb-heading has-text-color\" data-toolset-blocks-heading=\"3825af7ef3d31e933170cbd31815cbc4\">Was kommt als n\u00e4chstes?<\/h2> <div class=\"tb-fields-and-text\" data-toolset-blocks-fields-and-text=\"b0e45c64aca5bde607e9632d96b10646\"> <p class=\"new-layout__paragraph text--white\" style=\"text-align: center;\">Nutzen Sie unsere 30-Tage-R\u00fcckgabe-Richtlinie. Holen Sie sich Toolset und schauen Sie, wie es Ihnen gef\u00e4llt.<br \/>Wenn Sie nicht zu 100 % zufrieden sind, geben Sie uns Bescheid, dann erstatten wir Ihnen die Kaufsumme zur\u00fcck.<\/p> <\/div> <div class=\"wp-block-toolset-blocks-grid tb-grid\" data-toolset-blocks-grid=\"be5090090764891feae9c27c8898fef6\"> <div class=\"wp-block-toolset-blocks-grid-column tb-grid-column tb-grid-align-top\" data-toolset-blocks-grid-column=\"3034fbe886c11054e95b46b09d3e4112\"> <div class=\"tb-button\" data-toolset-blocks-button=\"d8449b4daed41af273446443e0365d2d\"><a class=\"tb-button__link\" href=\"https:\/\/toolset.com\/toolset-free-consultation\/\"><i class=\"tb-button__icon\"><\/i><span class=\"tb-button__content\">Fragen Sie uns,<\/span><\/a><\/div> <\/div> <div class=\"wp-block-toolset-blocks-grid-column tb-grid-column tb-grid-align-center\" data-toolset-blocks-grid-column=\"f586ff7bfe1d7317c63162ec7b7039ed\"><div class=\"tb-fields-and-text\" data-toolset-blocks-fields-and-text=\"b0e45c64aca5bde607e9632d96b10646\"> <p><span>wie Toolset Ihnen bei Ihrem Projekt helfen kann.<\/span><\/p> <\/div> <\/div> <\/div> <div class=\"tb-button\" data-toolset-blocks-button=\"1744d12b824058d794c895f1acc29b66\"><a class=\"tb-button__link\" href=\"https:\/\/toolset.com\/buy\/\"><i class=\"tb-button__icon\"><\/i><span class=\"tb-button__content\">Toolset herunterladen<\/span><\/a><\/div> <div class=\"tb-fields-and-text\" data-toolset-blocks-fields-and-text=\"5a02b6f3fcf20cc17316536cbaa9fb47\"> <p style=\"text-align: center;\"><span>Toolset-basierte Websites sind robust und zuverl\u00e4ssig.<\/span><br \/><span>Mit Toolset verbringen Sie weniger Zeit mit der Entwicklung und noch weniger Zeit mit der Wartung von Websites.<\/span><\/p> <\/div> <\/div>","protected":false},"excerpt":{"rendered":"","protected":false},"author":1,"featured_media":0,"parent":1397513,"menu_order":0,"comment_status":"closed","ping_status":"closed","template":"template-page-no-title.php","meta":{"_bbp_topic_count":0,"_bbp_reply_count":0,"_bbp_total_topic_count":0,"_bbp_total_reply_count":0,"_bbp_voice_count":0,"_bbp_anonymous_reply_count":0,"_bbp_topic_count_hidden":0,"_bbp_reply_count_hidden":0,"_bbp_forum_subforum_count":0,"ep_exclude_from_search":false,"footnotes":""},"documentation-category":[],"class_list":["post-1150689","page","type-page","status-publish","hentry"],"_links":{"self":[{"href":"https:\/\/toolset.com\/de\/wp-json\/wp\/v2\/pages\/1150689","targetHints":{"allow":["GET"]}}],"collection":[{"href":"https:\/\/toolset.com\/de\/wp-json\/wp\/v2\/pages"}],"about":[{"href":"https:\/\/toolset.com\/de\/wp-json\/wp\/v2\/types\/page"}],"author":[{"embeddable":true,"href":"https:\/\/toolset.com\/de\/wp-json\/wp\/v2\/users\/1"}],"replies":[{"embeddable":true,"href":"https:\/\/toolset.com\/de\/wp-json\/wp\/v2\/comments?post=1150689"}],"version-history":[{"count":8,"href":"https:\/\/toolset.com\/de\/wp-json\/wp\/v2\/pages\/1150689\/revisions"}],"predecessor-version":[{"id":1674303,"href":"https:\/\/toolset.com\/de\/wp-json\/wp\/v2\/pages\/1150689\/revisions\/1674303"}],"up":[{"embeddable":true,"href":"https:\/\/toolset.com\/de\/wp-json\/wp\/v2\/pages\/1397513"}],"wp:attachment":[{"href":"https:\/\/toolset.com\/de\/wp-json\/wp\/v2\/media?parent=1150689"}],"wp:term":[{"taxonomy":"documentation-category","embeddable":true,"href":"https:\/\/toolset.com\/de\/wp-json\/wp\/v2\/documentation-category?post=1150689"}],"curies":[{"name":"wp","href":"https:\/\/api.w.org\/{rel}","templated":true}]}}