{"id":1122716,"date":"2018-10-08T13:13:17","date_gmt":"2018-10-08T13:13:17","guid":{"rendered":"https:\/\/toolset.com\/wer-wen-ist-toolset\/"},"modified":"2020-09-30T08:22:43","modified_gmt":"2020-09-30T08:22:43","slug":"wer-wen-ist-toolset","status":"publish","type":"page","link":"https:\/\/toolset.com\/de\/wer-wen-ist-toolset\/","title":{"rendered":"F\u00fcr wen ist Toolset interessant?"},"content":{"rendered":"<p class=\"lead\">Ganz ohne Programmierkenntnisse hilft Toolset Ihnen, gr\u00f6\u00dfere und anspruchsvollere Projekte anzunehmen. 80 % der Toolset-Funktionen k\u00f6nnen Sie ohne eine einzige Zeile PHP oder JavaScript benutzen.<\/p>\n<h2>Was Sie mit Toolset und <strong>null Programmierung<\/strong> schaffen k\u00f6nnen<\/h2>\n<p>Toolset macht es Ihnen m\u00f6glich, Ihren WordPress-Seiten benutzerdefinierte Beitragstypen, Felder und Taxonomien hinzuzuf\u00fcgen, doch das ist nur ein kleiner Teil seines Potentials. Die wahre Leistungskraft von Toolset liegt darin, was Sie mit diesen benutzerdefinierten Typen umsetzen k\u00f6nnen, ganz ohne Code zu schreiben.<\/p>\n<div class=\"alert alert-warning\">Toolset zu benutzen ist, als h\u00e4tten Sie einen erfahrenen Programmierer an Ihrer Seite, der alle Ihre W\u00fcnsche sofort umsetzt. Wenn Sie grundlegende HTML- und CSS-Kenntnisse haben, \u00fcbernimmt Toolset die Programmierung f\u00fcr Sie.<\/div>\n<ul>\n<li>Verbinden Sie verschiedene Beitragstypen miteinander<\/li>\n<li>Erstellen Sie benutzerdefinierte Anfragen und zeigen Sie Listen im Frontend an<\/li>\n<li>Zeigen Sie benutzerdefinierte Felder und Taxonomie an<\/li>\n<li>Erstellen Sie benutzerdefinierte Suchen<\/li>\n<li>Erstellen Sie Formulare f\u00fcr die Inhaltseinsendung und -bearbeitung im Frontend<\/li>\n<li>Erstellen Sie Formulare f\u00fcr die Benutzerregistrierung im Frontend<\/li>\n<li>Zeigen Sie Informationen als Marker auf Google Maps an<\/li>\n<li>Steuern Sie den Zugang auf bestimmte Bereiche des WordPress-Admin-Bereichs und -Frontends<\/li>\n<\/ul>\n<h2>Was Sie mit Toolset und <strong>ein wenig Programmierung<\/strong> schaffen k\u00f6nnen<\/h2>\n<p>Toolset ist hochgradig erweiterbar. Neben all den tollen Dingen, die Sie ohne eine einzige Zeile Code erstellen k\u00f6nnen, enth\u00e4lt Toolset fortgeschrittene Haken und Filter, die unendliche Erweiterungen m\u00f6glich machen.<\/p>\n<div class=\"alert alert-warning\">Wenn Sie ein erfahrener Programmierer sind, k\u00f6nnen Sie mit Toolset in viel k\u00fcrzerer Zeit viel mehr schaffen. Sie werden effizienter und k\u00f6nnen Ihre individuelle Programmierung auf die wirklich notwendigen F\u00e4lle beschr\u00e4nken.<\/div>\n<ul>\n<li>Erstellen Sie benutzerdefinierte Arbeitsabl\u00e4ufe und machen Sie WordPress zu einem Anwendungs-Framework<\/li>\n<li>Zeigen Sie berechnete Feldwerte mit Hilfe benutzerdefinierter Shortcodes an<\/li>\n<li>Integrieren Sie Views in Nicht-HTML-Anzeige-Engines<\/li>\n<\/ul>\n<h2>Ich benutze bereits einen Seitenersteller, brauche ich Toolset?<\/h2>\n<p>Toolset ist kein Seitenersteller. Es ist kein Ersatz f\u00fcr Seitenersteller und Seitenersteller sind kein Ersatz f\u00fcr Toolset. Mit Seitenerstellern k\u00f6nnen Sie das <strong>Design<\/strong> Ihres Inhalts gestalten. Mit Toolset k\u00f6nnen Sie benutzerdefinierte Elemente gestalten, f\u00fcr die Seitenersteller nicht gemacht wurden.<\/p>\n<p>Toolset ist komplett in den integrierten WordPress Block Editor (Gutenberg) integriert. So k\u00f6nnen Sie mit Hilfe des nativen WordPress-Editors erweiterte, benutzerdefinierte Websites visuell erstellen.<\/p>\n<h2>Ich komme von einem anderen CMS, wie kann ich Toolset lernen?<\/h2>\n<p>Viele der heutigen Toolset-Kunden haben fr\u00fcher Drupal verwendet. Wenn Sie jetzt bei Drupal sind und eine Alternative suchen, schauen Sie sich unseren <a href=\"https:\/\/toolset.com\/documentation\/programmer-reference\/guide-drupal-developers-switching-wordpress\/\">Migrationsratgeber von Drupal auf WordPress<\/a> an.<\/p>\n<p>Wenn Sie benutzerdefinierte Websites mit benutzerdefinieren Datenbanktabellen und PHP-Code erstellen, lesen Sie unser Tutorial, <a href=\"https:\/\/toolset.com\/documentation\/programmer-reference\/how-to-import-a-database-into-wordpress\/\">wie Sie ein benutzerdefiniertes Datenbank-Design in WordPress migrieren<\/a>.<\/p>\n<hr>\n<p>Fragen Sie sich immer noch, wie Toolset im Vergleich zu anderen L\u00f6sungen abschneidet? Sehen Sie sich unseren <a href=\"https:\/\/toolset.com\/home\/comparing-toolset-to-free-and-paid-alternatives\/\">Vergleich von Toolset mit kostenlosen und kostenpflichtigen Alternativen an.<\/a><\/p>\n<div class=\"alert alert-info\">\n<p>Interessiert? <a href=\"https:\/\/toolset.com\/buy\/\">W\u00e4hlen Sie den Tarif, der zu Ihnen passt.<\/a><\/p>\n<\/div>\n","protected":false},"excerpt":{"rendered":"<p>Ganz ohne Programmierkenntnisse hilft Toolset Ihnen, gr\u00f6\u00dfere und anspruchsvollere Projekte anzunehmen. 80 % der Toolset-Funktionen k\u00f6nnen Sie ohne eine einzige Zeile PHP oder JavaScript benutzen. Was Sie mit Toolset und null Programmierung schaffen k\u00f6nnen Toolset macht es Ihnen m\u00f6glich, Ihren WordPress-Seiten benutzerdefinierte Beitragstypen, Felder und Taxonomien hinzuzuf\u00fcgen, doch das ist nur ein kleiner Teil seines [&hellip;]<\/p>\n","protected":false},"author":1,"featured_media":0,"parent":0,"menu_order":0,"comment_status":"closed","ping_status":"closed","template":"","meta":{"_bbp_topic_count":0,"_bbp_reply_count":0,"_bbp_total_topic_count":0,"_bbp_total_reply_count":0,"_bbp_voice_count":0,"_bbp_anonymous_reply_count":0,"_bbp_topic_count_hidden":0,"_bbp_reply_count_hidden":0,"_bbp_forum_subforum_count":0,"ep_exclude_from_search":false,"footnotes":""},"documentation-category":[],"class_list":["post-1122716","page","type-page","status-publish","hentry"],"_links":{"self":[{"href":"https:\/\/toolset.com\/de\/wp-json\/wp\/v2\/pages\/1122716","targetHints":{"allow":["GET"]}}],"collection":[{"href":"https:\/\/toolset.com\/de\/wp-json\/wp\/v2\/pages"}],"about":[{"href":"https:\/\/toolset.com\/de\/wp-json\/wp\/v2\/types\/page"}],"author":[{"embeddable":true,"href":"https:\/\/toolset.com\/de\/wp-json\/wp\/v2\/users\/1"}],"replies":[{"embeddable":true,"href":"https:\/\/toolset.com\/de\/wp-json\/wp\/v2\/comments?post=1122716"}],"version-history":[{"count":2,"href":"https:\/\/toolset.com\/de\/wp-json\/wp\/v2\/pages\/1122716\/revisions"}],"predecessor-version":[{"id":1795227,"href":"https:\/\/toolset.com\/de\/wp-json\/wp\/v2\/pages\/1122716\/revisions\/1795227"}],"wp:attachment":[{"href":"https:\/\/toolset.com\/de\/wp-json\/wp\/v2\/media?parent=1122716"}],"wp:term":[{"taxonomy":"documentation-category","embeddable":true,"href":"https:\/\/toolset.com\/de\/wp-json\/wp\/v2\/documentation-category?post=1122716"}],"curies":[{"name":"wp","href":"https:\/\/api.w.org\/{rel}","templated":true}]}}